{"id":21906,"date":"2019-05-01T00:00:00","date_gmt":"2019-05-01T00:00:00","guid":{"rendered":"https:\/\/fasterbikes.eu\/shop\/uncategorized\/4a-battery-charger-58-8v-14s-li-ion\/"},"modified":"2025-09-24T19:39:20","modified_gmt":"2025-09-24T19:39:20","slug":"4a-battery-charger-58-8v-14s-li-ion","status":"publish","type":"product","link":"https:\/\/fasterbikes.eu\/en\/shop\/batteries\/chargers\/4a-battery-charger-58-8v-14s-li-ion\/","title":{"rendered":"4A battery charger 58.8V 14S Li Ion"},"content":{"rendered":"<div class=\"wpb-content-wrapper\"><p>[vc_row][vc_column][vc_column_text css=&#8221;&#8221; woodmart_inline=&#8221;no&#8221; text_larger=&#8221;no&#8221;]<\/p>\n<h2 style=\"text-align: center\">Charger for 52V (14S) batteries<\/h2>\n<ul>\n<li>4 A charger<\/li>\n<li>3-pin charging plug<\/li>\n<li>Housing without fan<\/li>\n<li>200-240 V mains voltage<\/li>\n<li>LED for the charge indicator<\/li>\n<li>Final charging voltage: 58.8V<\/li>\n<\/ul>\n<p>Red LED means active charging, green LED: battery fully charged.<\/p>\n<p>Size without cable: 188 x 80 x 40 mm[\/vc_column_text][\/vc_column][vc_column]<div class=\"templatera_shortcode\"><style type=\"text\/css\" data-type=\"vc_shortcodes-default-css\">.vc_do_message{padding-top:1em;padding-bottom:1em;padding-right:1em;padding-left:4em;margin-bottom:22px;}<\/style><div class=\"vc_row wpb_row vc_row-fluid\"><div class=\"wpb_column vc_column_container vc_col-sm-12\"><div class=\"vc_column-inner\"><div class=\"wpb_wrapper\"><div class=\"vc_message_box vc_message_box-standard vc_message_box-rounded vc_color-info vc_do_message\" ><div class=\"vc_message_box-icon\"><i class=\"fas fa-info-circle\"><\/i><\/div><p style=\"margin: 0in; font-family: Calibri; font-size: 11.0pt;\">Um die Lebensdauer deines Akkus zu verl\u00e4ngern, solltest du ihn langsam laden. Achte auf den Ampere-Wert des Ladeger\u00e4ts: Je niedriger dieser Wert, desto langsamer und schonender wird der Akku geladen. Es ist au\u00dferdem vorteilhaft, den Akku nur bis etwa 15-20% zu entladen und max. bis 90% aufzuladen.<\/p>\n<\/div><\/div><\/div><\/div><\/div><\/div>[\/vc_column][\/vc_row]<\/p>\n<\/div>","protected":false},"excerpt":{"rendered":"<pre id=\"tw-target-text\" class=\"tw-data-text tw-text-large tw-ta\" dir=\"ltr\" data-placeholder=\"Translation\" data-ved=\"2ahUKEwjhj_66hZyMAxV4KvsDHUCNEyMQ3ewLegQICBAW\" aria-label=\"Translated text: Charger suitable for 52V e-bike batteries, 4A charging power, 58.8V final charging voltage, plug suitable for our Shark batteries.\"><span class=\"Y2IQFc\" lang=\"en\">Charger suitable for 52V e-bike batteries, 4A charging power, 58.8V final charging voltage, plug suitable for our Shark batteries.<\/span><\/pre>\n","protected":false},"featured_media":20522,"comment_status":"open","ping_status":"closed","template":"","meta":{"_acf_changed":false,"iawp_total_views":25},"product_brand":[],"product_cat":[1231,1232],"product_tag":[],"class_list":{"0":"post-21906","1":"product","2":"type-product","3":"status-publish","4":"has-post-thumbnail","6":"product_cat-batteries","7":"product_cat-chargers","8":"pa_brand_nc-em3ev-en-2","9":"pa_kompatibel-mit-52v-battery","10":"pa_nicht-kompatibel-mit-36v-battery","11":"pa_nicht-kompatibel-mit-48v-battery","12":"pa_typ-verwendung-charger-for-li-ion-battery","14":"first","15":"instock","16":"taxable","17":"shipping-taxable","18":"purchasable","19":"product-type-simple"},"supplier_id":144076,"supplier_sku":"","atum_controlled":true,"out_stock_date":null,"out_stock_threshold":null,"inheritable":false,"inbound_stock":0,"stock_on_hold":0,"sold_today":0,"sales_last_days":0,"reserved_stock":0,"customer_returns":0,"warehouse_damage":0,"lost_in_post":0,"other_logs":0,"out_stock_days":0,"lost_sales":0,"has_location":false,"update_date":"2026-05-12T06:00:48","atum_locations":[],"atum_stock_status":"instock","restock_status":false,"low_stock_amount":"","sales_update_date":"2026-05-12T06:00:48","calc_backorders":null,"acf":{"EK1":"","Produktnummer":"","url":[""],"EK2":"","Produktnummer2":""},"yoast_head":"<!-- This site is optimized with the Yoast SEO plugin v27.4 - https:\/\/yoast.com\/product\/yoast-seo-wordpress\/ -->\n<title>FasterBikes.eu | Charger for 52V e-bike batteries<\/title>\n<meta name=\"description\" content=\"Here you can find the 4A charger for 52V (14S) e-bike lithium-ion batteries. Order online now!\" \/>\n<meta name=\"robots\" content=\"index, follow, max-snippet:-1, max-image-preview:large, max-video-preview:-1\" \/>\n<link rel=\"canonical\" href=\"https:\/\/fasterbikes.eu\/en\/shop\/batteries\/chargers\/4a-battery-charger-58-8v-14s-li-ion\/\" \/>\n<meta property=\"og:locale\" content=\"en_US\" \/>\n<meta property=\"og:type\" content=\"article\" \/>\n<meta property=\"og:title\" content=\"FasterBikes.eu | Charger for 52V e-bike batteries\" \/>\n<meta property=\"og:description\" content=\"Here you can find the 4A charger for 52V (14S) e-bike lithium-ion batteries. Order online now!\" \/>\n<meta property=\"og:url\" content=\"https:\/\/fasterbikes.eu\/en\/shop\/batteries\/chargers\/4a-battery-charger-58-8v-14s-li-ion\/\" \/>\n<meta property=\"og:site_name\" content=\"Fasterbikes\" \/>\n<meta property=\"article:modified_time\" content=\"2025-09-24T19:39:20+00:00\" \/>\n<meta property=\"og:image\" content=\"https:\/\/fasterbikes.eu\/wp-content\/uploads\/2019\/05\/4a-charger-52v-ebike-4205.jpg\" \/>\n\t<meta property=\"og:image:width\" content=\"1080\" \/>\n\t<meta property=\"og:image:height\" content=\"1080\" \/>\n\t<meta property=\"og:image:type\" content=\"image\/jpeg\" \/>\n<meta name=\"twitter:card\" content=\"summary_large_image\" \/>\n<meta name=\"twitter:label1\" content=\"Est. reading time\" \/>\n\t<meta name=\"twitter:data1\" content=\"1 minute\" \/>\n<script type=\"application\/ld+json\" class=\"yoast-schema-graph\">{\"@context\":\"https:\\\/\\\/schema.org\",\"@graph\":[{\"@type\":\"WebPage\",\"@id\":\"https:\\\/\\\/fasterbikes.eu\\\/en\\\/shop\\\/batteries\\\/chargers\\\/4a-battery-charger-58-8v-14s-li-ion\\\/\",\"url\":\"https:\\\/\\\/fasterbikes.eu\\\/en\\\/shop\\\/batteries\\\/chargers\\\/4a-battery-charger-58-8v-14s-li-ion\\\/\",\"name\":\"FasterBikes.eu | Charger for 52V e-bike batteries\",\"isPartOf\":{\"@id\":\"https:\\\/\\\/fasterbikes.eu\\\/en\\\/#website\"},\"primaryImageOfPage\":{\"@id\":\"https:\\\/\\\/fasterbikes.eu\\\/en\\\/shop\\\/batteries\\\/chargers\\\/4a-battery-charger-58-8v-14s-li-ion\\\/#primaryimage\"},\"image\":{\"@id\":\"https:\\\/\\\/fasterbikes.eu\\\/en\\\/shop\\\/batteries\\\/chargers\\\/4a-battery-charger-58-8v-14s-li-ion\\\/#primaryimage\"},\"thumbnailUrl\":\"https:\\\/\\\/fasterbikes.eu\\\/wp-content\\\/uploads\\\/2019\\\/05\\\/4a-charger-52v-ebike-4205.jpg\",\"datePublished\":\"2019-05-01T00:00:00+00:00\",\"dateModified\":\"2025-09-24T19:39:20+00:00\",\"description\":\"Here you can find the 4A charger for 52V (14S) e-bike lithium-ion batteries. Order online now!\",\"breadcrumb\":{\"@id\":\"https:\\\/\\\/fasterbikes.eu\\\/en\\\/shop\\\/batteries\\\/chargers\\\/4a-battery-charger-58-8v-14s-li-ion\\\/#breadcrumb\"},\"inLanguage\":\"en-US\",\"potentialAction\":[{\"@type\":\"ReadAction\",\"target\":[\"https:\\\/\\\/fasterbikes.eu\\\/en\\\/shop\\\/batteries\\\/chargers\\\/4a-battery-charger-58-8v-14s-li-ion\\\/\"]}]},{\"@type\":\"ImageObject\",\"inLanguage\":\"en-US\",\"@id\":\"https:\\\/\\\/fasterbikes.eu\\\/en\\\/shop\\\/batteries\\\/chargers\\\/4a-battery-charger-58-8v-14s-li-ion\\\/#primaryimage\",\"url\":\"https:\\\/\\\/fasterbikes.eu\\\/wp-content\\\/uploads\\\/2019\\\/05\\\/4a-charger-52v-ebike-4205.jpg\",\"contentUrl\":\"https:\\\/\\\/fasterbikes.eu\\\/wp-content\\\/uploads\\\/2019\\\/05\\\/4a-charger-52v-ebike-4205.jpg\",\"width\":1080,\"height\":1080},{\"@type\":\"BreadcrumbList\",\"@id\":\"https:\\\/\\\/fasterbikes.eu\\\/en\\\/shop\\\/batteries\\\/chargers\\\/4a-battery-charger-58-8v-14s-li-ion\\\/#breadcrumb\",\"itemListElement\":[{\"@type\":\"ListItem\",\"position\":1,\"name\":\"Startseite\",\"item\":\"https:\\\/\\\/fasterbikes.eu\\\/en\\\/\"},{\"@type\":\"ListItem\",\"position\":2,\"name\":\"Shop\",\"item\":\"https:\\\/\\\/fasterbikes.eu\\\/en\\\/shop\\\/\"},{\"@type\":\"ListItem\",\"position\":3,\"name\":\"4A battery charger 58.8V 14S Li Ion\"}]},{\"@type\":\"WebSite\",\"@id\":\"https:\\\/\\\/fasterbikes.eu\\\/en\\\/#website\",\"url\":\"https:\\\/\\\/fasterbikes.eu\\\/en\\\/\",\"name\":\"Fasterbikes\",\"description\":\"\",\"potentialAction\":[{\"@type\":\"SearchAction\",\"target\":{\"@type\":\"EntryPoint\",\"urlTemplate\":\"https:\\\/\\\/fasterbikes.eu\\\/en\\\/?s={search_term_string}\"},\"query-input\":{\"@type\":\"PropertyValueSpecification\",\"valueRequired\":true,\"valueName\":\"search_term_string\"}}],\"inLanguage\":\"en-US\"}]}<\/script>\n<!-- \/ Yoast SEO plugin. -->","yoast_head_json":{"title":"FasterBikes.eu | Charger for 52V e-bike batteries","description":"Here you can find the 4A charger for 52V (14S) e-bike lithium-ion batteries. Order online now!","robots":{"index":"index","follow":"follow","max-snippet":"max-snippet:-1","max-image-preview":"max-image-preview:large","max-video-preview":"max-video-preview:-1"},"canonical":"https:\/\/fasterbikes.eu\/en\/shop\/batteries\/chargers\/4a-battery-charger-58-8v-14s-li-ion\/","og_locale":"en_US","og_type":"article","og_title":"FasterBikes.eu | Charger for 52V e-bike batteries","og_description":"Here you can find the 4A charger for 52V (14S) e-bike lithium-ion batteries. Order online now!","og_url":"https:\/\/fasterbikes.eu\/en\/shop\/batteries\/chargers\/4a-battery-charger-58-8v-14s-li-ion\/","og_site_name":"Fasterbikes","article_modified_time":"2025-09-24T19:39:20+00:00","og_image":[{"width":1080,"height":1080,"url":"https:\/\/fasterbikes.eu\/wp-content\/uploads\/2019\/05\/4a-charger-52v-ebike-4205.jpg","type":"image\/jpeg"}],"twitter_card":"summary_large_image","twitter_misc":{"Est. reading time":"1 minute"},"schema":{"@context":"https:\/\/schema.org","@graph":[{"@type":"WebPage","@id":"https:\/\/fasterbikes.eu\/en\/shop\/batteries\/chargers\/4a-battery-charger-58-8v-14s-li-ion\/","url":"https:\/\/fasterbikes.eu\/en\/shop\/batteries\/chargers\/4a-battery-charger-58-8v-14s-li-ion\/","name":"FasterBikes.eu | Charger for 52V e-bike batteries","isPartOf":{"@id":"https:\/\/fasterbikes.eu\/en\/#website"},"primaryImageOfPage":{"@id":"https:\/\/fasterbikes.eu\/en\/shop\/batteries\/chargers\/4a-battery-charger-58-8v-14s-li-ion\/#primaryimage"},"image":{"@id":"https:\/\/fasterbikes.eu\/en\/shop\/batteries\/chargers\/4a-battery-charger-58-8v-14s-li-ion\/#primaryimage"},"thumbnailUrl":"https:\/\/fasterbikes.eu\/wp-content\/uploads\/2019\/05\/4a-charger-52v-ebike-4205.jpg","datePublished":"2019-05-01T00:00:00+00:00","dateModified":"2025-09-24T19:39:20+00:00","description":"Here you can find the 4A charger for 52V (14S) e-bike lithium-ion batteries. Order online now!","breadcrumb":{"@id":"https:\/\/fasterbikes.eu\/en\/shop\/batteries\/chargers\/4a-battery-charger-58-8v-14s-li-ion\/#breadcrumb"},"inLanguage":"en-US","potentialAction":[{"@type":"ReadAction","target":["https:\/\/fasterbikes.eu\/en\/shop\/batteries\/chargers\/4a-battery-charger-58-8v-14s-li-ion\/"]}]},{"@type":"ImageObject","inLanguage":"en-US","@id":"https:\/\/fasterbikes.eu\/en\/shop\/batteries\/chargers\/4a-battery-charger-58-8v-14s-li-ion\/#primaryimage","url":"https:\/\/fasterbikes.eu\/wp-content\/uploads\/2019\/05\/4a-charger-52v-ebike-4205.jpg","contentUrl":"https:\/\/fasterbikes.eu\/wp-content\/uploads\/2019\/05\/4a-charger-52v-ebike-4205.jpg","width":1080,"height":1080},{"@type":"BreadcrumbList","@id":"https:\/\/fasterbikes.eu\/en\/shop\/batteries\/chargers\/4a-battery-charger-58-8v-14s-li-ion\/#breadcrumb","itemListElement":[{"@type":"ListItem","position":1,"name":"Startseite","item":"https:\/\/fasterbikes.eu\/en\/"},{"@type":"ListItem","position":2,"name":"Shop","item":"https:\/\/fasterbikes.eu\/en\/shop\/"},{"@type":"ListItem","position":3,"name":"4A battery charger 58.8V 14S Li Ion"}]},{"@type":"WebSite","@id":"https:\/\/fasterbikes.eu\/en\/#website","url":"https:\/\/fasterbikes.eu\/en\/","name":"Fasterbikes","description":"","potentialAction":[{"@type":"SearchAction","target":{"@type":"EntryPoint","urlTemplate":"https:\/\/fasterbikes.eu\/en\/?s={search_term_string}"},"query-input":{"@type":"PropertyValueSpecification","valueRequired":true,"valueName":"search_term_string"}}],"inLanguage":"en-US"}]}},"_links":{"self":[{"href":"https:\/\/fasterbikes.eu\/en\/wp-json\/wp\/v2\/product\/21906","targetHints":{"allow":["GET"]}}],"collection":[{"href":"https:\/\/fasterbikes.eu\/en\/wp-json\/wp\/v2\/product"}],"about":[{"href":"https:\/\/fasterbikes.eu\/en\/wp-json\/wp\/v2\/types\/product"}],"replies":[{"embeddable":true,"href":"https:\/\/fasterbikes.eu\/en\/wp-json\/wp\/v2\/comments?post=21906"}],"wp:featuredmedia":[{"embeddable":true,"href":"https:\/\/fasterbikes.eu\/en\/wp-json\/wp\/v2\/media\/20522"}],"wp:attachment":[{"href":"https:\/\/fasterbikes.eu\/en\/wp-json\/wp\/v2\/media?parent=21906"}],"wp:term":[{"taxonomy":"product_brand","embeddable":true,"href":"https:\/\/fasterbikes.eu\/en\/wp-json\/wp\/v2\/product_brand?post=21906"},{"taxonomy":"product_cat","embeddable":true,"href":"https:\/\/fasterbikes.eu\/en\/wp-json\/wp\/v2\/product_cat?post=21906"},{"taxonomy":"product_tag","embeddable":true,"href":"https:\/\/fasterbikes.eu\/en\/wp-json\/wp\/v2\/product_tag?post=21906"}],"curies":[{"name":"wp","href":"https:\/\/api.w.org\/{rel}","templated":true}]}}