{"id":21854,"date":"2019-07-29T00:00:00","date_gmt":"2019-07-29T00:00:00","guid":{"rendered":"https:\/\/fasterbikes.eu\/shop\/uncategorized\/5a-20-103v-battery-charger-programmable-cycle-satiator-360w\/"},"modified":"2025-03-18T13:54:35","modified_gmt":"2025-03-18T13:54:35","slug":"5a-20-103v-battery-charger-programmable-cycle-satiator-360w","status":"publish","type":"product","link":"https:\/\/fasterbikes.eu\/en\/shop\/batteries\/chargers\/5a-20-103v-battery-charger-programmable-cycle-satiator-360w\/","title":{"rendered":"5A 20-103V battery charger programmable Cycle Satiator 360W"},"content":{"rendered":"<div class=\"wpb-content-wrapper\"><p>[vc_row][vc_column][vc_custom_heading text=&#8221;Programmable e-bike battery charger 5A&#8221; font_container=&#8221;tag:h2|text_align:center&#8221; use_theme_fonts=&#8221;yes&#8221; css=&#8221;.vc_custom_1726055281944{border-color: #2c85b2 !important;}&#8221;][vc_column_text css=&#8221;&#8221; woodmart_inline=&#8221;no&#8221; text_larger=&#8221;no&#8221;]Features:<\/p>\n<ul>\n<li>Informative display<\/li>\n<li>Splash-proof without fan<\/li>\n<li>Weight 1.06 kg with small dimensions (237x78x48mm)<\/li>\n<li>For lithium, lead, NiMH, NiCad batteries<\/li>\n<li>European Schuko plug<\/li>\n<li>One charger for different batteries with up to 20 charging profiles<\/li>\n<li>Incl. Neutrik XLR connector (1=DC+, 2=DC-, 3=signal) <\/li>\n<li>Optional programming cable and adapter cable<\/li>\n<\/ul>\n<div id=\"product_tabs_description_tabbed_contents\">\n<div class=\"std\">\n<p>The Satiator has an XLR charging plug included as standard, if an XT60, DC 5.5 x 2.5\/2.1 mm or Anderson 45 is also required, this must be selected above. In addition, one of the adapter cables is required if a programming cable is to be used, as only the adapters have a suitable connection. <\/p>\n<p>The programming cable can be found <a class=\"btn btn-default\" href=\"https:\/\/fasterbikes.eu\/product\/programmierkabel-usb-ttl-fuer-cycle-analyst-satiator-phaserunner\/\" rel=\"noopener\">HERE<\/a> <\/p>\n<p>The Satiator has pre-programmed settings for a 52V (14S) lithium battery.<\/p>\n<p>360W charging power with up to 103V, up to 20 charging profiles are possible<\/p>\n<p>For more information: <a class=\"btn btn-default\" href=\"https:\/\/ebikes.ca\/product-info\/grin-products\/cycle-satiator.html\">Satiator information page<\/a><\/p>\n<\/div>\n<\/div>\n<p>[\/vc_column_text]<div class=\"templatera_shortcode\"><style type=\"text\/css\" data-type=\"vc_shortcodes-default-css\">.vc_do_message{padding-top:1em;padding-bottom:1em;padding-right:1em;padding-left:4em;margin-bottom:22px;}<\/style><div class=\"vc_row wpb_row vc_row-fluid\"><div class=\"wpb_column vc_column_container vc_col-sm-12\"><div class=\"vc_column-inner\"><div class=\"wpb_wrapper\"><div class=\"vc_message_box vc_message_box-standard vc_message_box-rounded vc_color-info vc_do_message\" ><div class=\"vc_message_box-icon\"><i class=\"fas fa-info-circle\"><\/i><\/div><p style=\"margin: 0in; font-family: Calibri; font-size: 11.0pt;\">Um die Lebensdauer deines Akkus zu verl\u00e4ngern, solltest du ihn langsam laden. Achte auf den Ampere-Wert des Ladeger\u00e4ts: Je niedriger dieser Wert, desto langsamer und schonender wird der Akku geladen. Es ist au\u00dferdem vorteilhaft, den Akku nur bis etwa 15-20% zu entladen und max. bis 90% aufzuladen.<\/p>\n<\/div><\/div><\/div><\/div><\/div><\/div>[vc_video link=&#8221;https:\/\/www.youtube.com\/watch?v=jyDCcL04RlE&amp;t=1s&#8221; css=&#8221;&#8221; woodmart_css_id=&#8221;66e17dc1eaf16&#8243; image_poster_switch=&#8221;no&#8221;][\/vc_column][\/vc_row][vc_row][vc_column][vc_text_separator title=&#8221;DOWNLOADS&#8221; i_icon_fontawesome=&#8221;fas fa-download&#8221; i_color=&#8221;custom&#8221; color=&#8221;custom&#8221; border_width=&#8221;2&#8243; el_width=&#8221;50&#8243; css_animation=&#8221;none&#8221; css=&#8221;&#8221; add_icon=&#8221;true&#8221; i_custom_color=&#8221;#0cb1b5&#8243; accent_color=&#8221;#0cb1b5&#8243;][vc_btn title=&#8221;Satiator downloads at Grin&#8221; color=&#8221;inverse&#8221; align=&#8221;center&#8221; i_icon_fontawesome=&#8221;fas fa-download&#8221; css=&#8221;&#8221; add_icon=&#8221;true&#8221; link=&#8221;url:https%3A%2F%2Febikes.ca%2Fproduct-info%2Fgrin-products%2Fcycle-satiator.html|target:_blank|rel:nofollow|&#8221;][vc_empty_space woodmart_hide_large=&#8221;0&#8243; woodmart_hide_medium=&#8221;0&#8243; woodmart_hide_small=&#8221;0&#8243;][vc_separator color=&#8221;custom&#8221; border_width=&#8221;2&#8243; el_width=&#8221;50&#8243; css=&#8221;&#8221; wd_hide_on_desktop=&#8221;no&#8221; wd_hide_on_tablet=&#8221;no&#8221; wd_hide_on_mobile=&#8221;no&#8221; accent_color=&#8221;#0cb1b5&#8243;][\/vc_column][\/vc_row]<\/p>\n<\/div>","protected":false},"excerpt":{"rendered":"<p>Programmable charger for e-bike batteries, create various charging profiles on the laptop (e.g. fast charging up to 85%, slow charging up to 90%, etc.), up to 5A charging power, various adapter cables for connecting the battery.<\/p>\n","protected":false},"featured_media":20547,"comment_status":"open","ping_status":"closed","template":"","meta":{"_acf_changed":false,"iawp_total_views":10},"product_brand":[],"product_cat":[1231,1232],"product_tag":[],"class_list":{"0":"post-21854","1":"product","2":"type-product","3":"status-publish","4":"has-post-thumbnail","6":"product_cat-batteries","7":"product_cat-chargers","8":"pa_brand_nc-grin","9":"pa_inklusive-without-adapter","10":"pa_inklusive-xlr-to-anderson-45-adapter","11":"pa_inklusive-xlr-to-dc-2-5-adapter","12":"pa_inklusive-xlr-to-xt60-adapter","13":"pa_kompatibel-mit-36v-battery","14":"pa_kompatibel-mit-48v-battery","15":"pa_kompatibel-mit-52v-battery","16":"pa_typ-verwendung-charger-for-li-ion-battery","18":"first","19":"outofstock","20":"taxable","21":"shipping-taxable","22":"purchasable","23":"product-type-variable"},"supplier_id":null,"supplier_sku":"","atum_controlled":true,"out_stock_date":null,"out_stock_threshold":null,"inheritable":false,"inbound_stock":0,"stock_on_hold":0,"sold_today":0,"sales_last_days":0,"reserved_stock":0,"customer_returns":0,"warehouse_damage":0,"lost_in_post":0,"other_logs":0,"out_stock_days":0,"lost_sales":0,"has_location":null,"update_date":"2026-05-12T06:00:37","atum_locations":[],"atum_stock_status":"outofstock","restock_status":false,"low_stock_amount":"","sales_update_date":"2026-05-12T06:00:37","calc_backorders":null,"acf":{"EK1":"","Produktnummer":"","url":null,"EK2":"","Produktnummer2":""},"yoast_head":"<!-- This site is optimized with the Yoast SEO plugin v27.4 - https:\/\/yoast.com\/product\/yoast-seo-wordpress\/ -->\n<title>FasterBikes.eu | Programmable 5A Battery Charger<\/title>\n<meta name=\"description\" content=\"Here you will find the programmable 5A battery charger Cycle Satiator - 20-103V, 360W, various charging profiles. Order online now!\" \/>\n<meta name=\"robots\" content=\"index, follow, max-snippet:-1, max-image-preview:large, max-video-preview:-1\" \/>\n<link rel=\"canonical\" href=\"https:\/\/fasterbikes.eu\/en\/shop\/batteries\/chargers\/5a-20-103v-battery-charger-programmable-cycle-satiator-360w\/\" \/>\n<meta property=\"og:locale\" content=\"en_US\" \/>\n<meta property=\"og:type\" content=\"article\" \/>\n<meta property=\"og:title\" content=\"FasterBikes.eu | Programmable 5A Battery Charger\" \/>\n<meta property=\"og:description\" content=\"Here you will find the programmable 5A battery charger Cycle Satiator - 20-103V, 360W, various charging profiles. Order online now!\" \/>\n<meta property=\"og:url\" content=\"https:\/\/fasterbikes.eu\/en\/shop\/batteries\/chargers\/5a-20-103v-battery-charger-programmable-cycle-satiator-360w\/\" \/>\n<meta property=\"og:site_name\" content=\"Fasterbikes\" \/>\n<meta property=\"article:modified_time\" content=\"2025-03-18T13:54:35+00:00\" \/>\n<meta property=\"og:image\" content=\"https:\/\/fasterbikes.eu\/wp-content\/uploads\/2019\/07\/5a-ebike-charger-programmable-4207-1.jpg\" \/>\n\t<meta property=\"og:image:width\" content=\"1080\" \/>\n\t<meta property=\"og:image:height\" content=\"1080\" \/>\n\t<meta property=\"og:image:type\" content=\"image\/jpeg\" \/>\n<meta name=\"twitter:card\" content=\"summary_large_image\" \/>\n<meta name=\"twitter:label1\" content=\"Est. reading time\" \/>\n\t<meta name=\"twitter:data1\" content=\"2 minutes\" \/>\n<script type=\"application\/ld+json\" class=\"yoast-schema-graph\">{\"@context\":\"https:\\\/\\\/schema.org\",\"@graph\":[{\"@type\":\"WebPage\",\"@id\":\"https:\\\/\\\/fasterbikes.eu\\\/en\\\/shop\\\/batteries\\\/chargers\\\/5a-20-103v-battery-charger-programmable-cycle-satiator-360w\\\/\",\"url\":\"https:\\\/\\\/fasterbikes.eu\\\/en\\\/shop\\\/batteries\\\/chargers\\\/5a-20-103v-battery-charger-programmable-cycle-satiator-360w\\\/\",\"name\":\"FasterBikes.eu | Programmable 5A Battery Charger\",\"isPartOf\":{\"@id\":\"https:\\\/\\\/fasterbikes.eu\\\/en\\\/#website\"},\"primaryImageOfPage\":{\"@id\":\"https:\\\/\\\/fasterbikes.eu\\\/en\\\/shop\\\/batteries\\\/chargers\\\/5a-20-103v-battery-charger-programmable-cycle-satiator-360w\\\/#primaryimage\"},\"image\":{\"@id\":\"https:\\\/\\\/fasterbikes.eu\\\/en\\\/shop\\\/batteries\\\/chargers\\\/5a-20-103v-battery-charger-programmable-cycle-satiator-360w\\\/#primaryimage\"},\"thumbnailUrl\":\"https:\\\/\\\/fasterbikes.eu\\\/wp-content\\\/uploads\\\/2019\\\/07\\\/5a-ebike-charger-programmable-4207-1.jpg\",\"datePublished\":\"2019-07-29T00:00:00+00:00\",\"dateModified\":\"2025-03-18T13:54:35+00:00\",\"description\":\"Here you will find the programmable 5A battery charger Cycle Satiator - 20-103V, 360W, various charging profiles. Order online now!\",\"breadcrumb\":{\"@id\":\"https:\\\/\\\/fasterbikes.eu\\\/en\\\/shop\\\/batteries\\\/chargers\\\/5a-20-103v-battery-charger-programmable-cycle-satiator-360w\\\/#breadcrumb\"},\"inLanguage\":\"en-US\",\"potentialAction\":[{\"@type\":\"ReadAction\",\"target\":[\"https:\\\/\\\/fasterbikes.eu\\\/en\\\/shop\\\/batteries\\\/chargers\\\/5a-20-103v-battery-charger-programmable-cycle-satiator-360w\\\/\"]}]},{\"@type\":\"ImageObject\",\"inLanguage\":\"en-US\",\"@id\":\"https:\\\/\\\/fasterbikes.eu\\\/en\\\/shop\\\/batteries\\\/chargers\\\/5a-20-103v-battery-charger-programmable-cycle-satiator-360w\\\/#primaryimage\",\"url\":\"https:\\\/\\\/fasterbikes.eu\\\/wp-content\\\/uploads\\\/2019\\\/07\\\/5a-ebike-charger-programmable-4207-1.jpg\",\"contentUrl\":\"https:\\\/\\\/fasterbikes.eu\\\/wp-content\\\/uploads\\\/2019\\\/07\\\/5a-ebike-charger-programmable-4207-1.jpg\",\"width\":1080,\"height\":1080},{\"@type\":\"BreadcrumbList\",\"@id\":\"https:\\\/\\\/fasterbikes.eu\\\/en\\\/shop\\\/batteries\\\/chargers\\\/5a-20-103v-battery-charger-programmable-cycle-satiator-360w\\\/#breadcrumb\",\"itemListElement\":[{\"@type\":\"ListItem\",\"position\":1,\"name\":\"Startseite\",\"item\":\"https:\\\/\\\/fasterbikes.eu\\\/en\\\/\"},{\"@type\":\"ListItem\",\"position\":2,\"name\":\"Shop\",\"item\":\"https:\\\/\\\/fasterbikes.eu\\\/en\\\/shop\\\/\"},{\"@type\":\"ListItem\",\"position\":3,\"name\":\"5A 20-103V battery charger programmable Cycle Satiator 360W\"}]},{\"@type\":\"WebSite\",\"@id\":\"https:\\\/\\\/fasterbikes.eu\\\/en\\\/#website\",\"url\":\"https:\\\/\\\/fasterbikes.eu\\\/en\\\/\",\"name\":\"Fasterbikes\",\"description\":\"\",\"potentialAction\":[{\"@type\":\"SearchAction\",\"target\":{\"@type\":\"EntryPoint\",\"urlTemplate\":\"https:\\\/\\\/fasterbikes.eu\\\/en\\\/?s={search_term_string}\"},\"query-input\":{\"@type\":\"PropertyValueSpecification\",\"valueRequired\":true,\"valueName\":\"search_term_string\"}}],\"inLanguage\":\"en-US\"}]}<\/script>\n<!-- \/ Yoast SEO plugin. -->","yoast_head_json":{"title":"FasterBikes.eu | Programmable 5A Battery Charger","description":"Here you will find the programmable 5A battery charger Cycle Satiator - 20-103V, 360W, various charging profiles. Order online now!","robots":{"index":"index","follow":"follow","max-snippet":"max-snippet:-1","max-image-preview":"max-image-preview:large","max-video-preview":"max-video-preview:-1"},"canonical":"https:\/\/fasterbikes.eu\/en\/shop\/batteries\/chargers\/5a-20-103v-battery-charger-programmable-cycle-satiator-360w\/","og_locale":"en_US","og_type":"article","og_title":"FasterBikes.eu | Programmable 5A Battery Charger","og_description":"Here you will find the programmable 5A battery charger Cycle Satiator - 20-103V, 360W, various charging profiles. Order online now!","og_url":"https:\/\/fasterbikes.eu\/en\/shop\/batteries\/chargers\/5a-20-103v-battery-charger-programmable-cycle-satiator-360w\/","og_site_name":"Fasterbikes","article_modified_time":"2025-03-18T13:54:35+00:00","og_image":[{"width":1080,"height":1080,"url":"https:\/\/fasterbikes.eu\/wp-content\/uploads\/2019\/07\/5a-ebike-charger-programmable-4207-1.jpg","type":"image\/jpeg"}],"twitter_card":"summary_large_image","twitter_misc":{"Est. reading time":"2 minutes"},"schema":{"@context":"https:\/\/schema.org","@graph":[{"@type":"WebPage","@id":"https:\/\/fasterbikes.eu\/en\/shop\/batteries\/chargers\/5a-20-103v-battery-charger-programmable-cycle-satiator-360w\/","url":"https:\/\/fasterbikes.eu\/en\/shop\/batteries\/chargers\/5a-20-103v-battery-charger-programmable-cycle-satiator-360w\/","name":"FasterBikes.eu | Programmable 5A Battery Charger","isPartOf":{"@id":"https:\/\/fasterbikes.eu\/en\/#website"},"primaryImageOfPage":{"@id":"https:\/\/fasterbikes.eu\/en\/shop\/batteries\/chargers\/5a-20-103v-battery-charger-programmable-cycle-satiator-360w\/#primaryimage"},"image":{"@id":"https:\/\/fasterbikes.eu\/en\/shop\/batteries\/chargers\/5a-20-103v-battery-charger-programmable-cycle-satiator-360w\/#primaryimage"},"thumbnailUrl":"https:\/\/fasterbikes.eu\/wp-content\/uploads\/2019\/07\/5a-ebike-charger-programmable-4207-1.jpg","datePublished":"2019-07-29T00:00:00+00:00","dateModified":"2025-03-18T13:54:35+00:00","description":"Here you will find the programmable 5A battery charger Cycle Satiator - 20-103V, 360W, various charging profiles. Order online now!","breadcrumb":{"@id":"https:\/\/fasterbikes.eu\/en\/shop\/batteries\/chargers\/5a-20-103v-battery-charger-programmable-cycle-satiator-360w\/#breadcrumb"},"inLanguage":"en-US","potentialAction":[{"@type":"ReadAction","target":["https:\/\/fasterbikes.eu\/en\/shop\/batteries\/chargers\/5a-20-103v-battery-charger-programmable-cycle-satiator-360w\/"]}]},{"@type":"ImageObject","inLanguage":"en-US","@id":"https:\/\/fasterbikes.eu\/en\/shop\/batteries\/chargers\/5a-20-103v-battery-charger-programmable-cycle-satiator-360w\/#primaryimage","url":"https:\/\/fasterbikes.eu\/wp-content\/uploads\/2019\/07\/5a-ebike-charger-programmable-4207-1.jpg","contentUrl":"https:\/\/fasterbikes.eu\/wp-content\/uploads\/2019\/07\/5a-ebike-charger-programmable-4207-1.jpg","width":1080,"height":1080},{"@type":"BreadcrumbList","@id":"https:\/\/fasterbikes.eu\/en\/shop\/batteries\/chargers\/5a-20-103v-battery-charger-programmable-cycle-satiator-360w\/#breadcrumb","itemListElement":[{"@type":"ListItem","position":1,"name":"Startseite","item":"https:\/\/fasterbikes.eu\/en\/"},{"@type":"ListItem","position":2,"name":"Shop","item":"https:\/\/fasterbikes.eu\/en\/shop\/"},{"@type":"ListItem","position":3,"name":"5A 20-103V battery charger programmable Cycle Satiator 360W"}]},{"@type":"WebSite","@id":"https:\/\/fasterbikes.eu\/en\/#website","url":"https:\/\/fasterbikes.eu\/en\/","name":"Fasterbikes","description":"","potentialAction":[{"@type":"SearchAction","target":{"@type":"EntryPoint","urlTemplate":"https:\/\/fasterbikes.eu\/en\/?s={search_term_string}"},"query-input":{"@type":"PropertyValueSpecification","valueRequired":true,"valueName":"search_term_string"}}],"inLanguage":"en-US"}]}},"_links":{"self":[{"href":"https:\/\/fasterbikes.eu\/en\/wp-json\/wp\/v2\/product\/21854","targetHints":{"allow":["GET"]}}],"collection":[{"href":"https:\/\/fasterbikes.eu\/en\/wp-json\/wp\/v2\/product"}],"about":[{"href":"https:\/\/fasterbikes.eu\/en\/wp-json\/wp\/v2\/types\/product"}],"replies":[{"embeddable":true,"href":"https:\/\/fasterbikes.eu\/en\/wp-json\/wp\/v2\/comments?post=21854"}],"wp:featuredmedia":[{"embeddable":true,"href":"https:\/\/fasterbikes.eu\/en\/wp-json\/wp\/v2\/media\/20547"}],"wp:attachment":[{"href":"https:\/\/fasterbikes.eu\/en\/wp-json\/wp\/v2\/media?parent=21854"}],"wp:term":[{"taxonomy":"product_brand","embeddable":true,"href":"https:\/\/fasterbikes.eu\/en\/wp-json\/wp\/v2\/product_brand?post=21854"},{"taxonomy":"product_cat","embeddable":true,"href":"https:\/\/fasterbikes.eu\/en\/wp-json\/wp\/v2\/product_cat?post=21854"},{"taxonomy":"product_tag","embeddable":true,"href":"https:\/\/fasterbikes.eu\/en\/wp-json\/wp\/v2\/product_tag?post=21854"}],"curies":[{"name":"wp","href":"https:\/\/api.w.org\/{rel}","templated":true}]}}