{"id":21674,"date":"2024-03-16T00:00:00","date_gmt":"2024-03-16T00:00:00","guid":{"rendered":"https:\/\/fasterbikes.eu\/shop\/uncategorized\/magura-mt5e-adapter-cable-bafang-and-cyc\/"},"modified":"2025-12-02T07:13:07","modified_gmt":"2025-12-02T07:13:07","slug":"magura-mt5e-adapter-cable-bafang-and-cyc","status":"publish","type":"product","link":"https:\/\/fasterbikes.eu\/en\/shop\/accessories\/cables\/magura-mt5e-adapter-cable-bafang-and-cyc\/","title":{"rendered":"Magura MT5e adapter cable Bafang and CYC"},"content":{"rendered":"<div class=\"wpb-content-wrapper\"><p>[vc_row][vc_column][vc_custom_heading text=&#8221;For connecting the Magura MT5e to the Bafang BBS system&#8221; font_container=&#8221;tag:h2|text_align:center&#8221; use_theme_fonts=&#8221;yes&#8221; css=&#8221;&#8221;][vc_empty_space height=&#8221;15px&#8221; woodmart_hide_large=&#8221;0&#8243; woodmart_hide_medium=&#8221;0&#8243; woodmart_hide_small=&#8221;0&#8243;][vc_column_text css=&#8221;&#8221; woodmart_inline=&#8221;no&#8221; text_larger=&#8221;no&#8221;]<\/p>\n<p style=\"text-align: justify;\">Die Scheibenbremse Magura MT5e ist herstellerseitig mit einer roten 2-Pin HIGO Buchse best\u00fcckt. Der Bafang BBS Bremsanschluss verf\u00fcgt allerdings \u00fcber einen gelben 3-Pin HIGO Stecker. Damit diese Bremse am Bafang BBS01, BBS02 oder BBSHD System \u00fcber den Hauptkabelbaum angeschlossen werden kann, wird dieser Adapter ben\u00f6tigt.<\/p>\n<p>Kabell\u00e4nge: ca. 20 cm<\/p>\n<p>Beim Kauf der <a title=\"Magura Bremse\" href=\"https:\/\/fasterbikes.eu\/shop\/e-bike-zubehoer\/sensoren\/magura-mt5e-bremsscheibe\/\">Magura MT5e <\/a>in unseren Shop ist dieses Adapterkabel bereits enthalten.[\/vc_column_text][\/vc_column][\/vc_row]<\/p>\n<\/div>","protected":false},"excerpt":{"rendered":"<pre id=\"tw-target-text\" class=\"tw-data-text tw-text-large tw-ta\" dir=\"ltr\" data-placeholder=\"Translation\" data-ved=\"2ahUKEwjhj_66hZyMAxV4KvsDHUCNEyMQ3ewLegQICBAW\" aria-label=\"Translated text: Adapter cable for connecting the Magura MT5e brake to the Bafang or CYC system. This stops the motor when the brake lever is applied.\"><span class=\"Y2IQFc\" lang=\"en\">Adapter cable for connecting the Magura MT5e brake to the Bafang or CYC system. This stops the motor when the brake lever is applied.<\/span><\/pre>\n","protected":false},"featured_media":20695,"comment_status":"open","ping_status":"closed","template":"","meta":{"_acf_changed":false,"iawp_total_views":69},"product_brand":[],"product_cat":[1249,1033,1272,1250],"product_tag":[],"class_list":{"0":"post-21674","1":"product","2":"type-product","3":"status-publish","4":"has-post-thumbnail","6":"product_cat-cables","7":"product_cat-sale-produkte","8":"product_cat-sale","9":"product_cat-sensors","10":"pa_brand_nc-other","11":"pa_kompatibel-mit-bafang-mid-drive-motors","12":"pa_kompatibel-mit-cyc-photon-en","13":"pa_kompatibel-mit-cyc-x1-pro-en","14":"pa_kompatibel-mit-cyc-x1-stealth-en","15":"pa_typ-verwendung-adapter-cable","17":"first","18":"instock","19":"sale","20":"taxable","21":"shipping-taxable","22":"purchasable","23":"product-type-simple"},"supplier_id":144076,"supplier_sku":"","atum_controlled":true,"out_stock_date":null,"out_stock_threshold":null,"inheritable":false,"inbound_stock":0,"stock_on_hold":0,"sold_today":0,"sales_last_days":0,"reserved_stock":0,"customer_returns":0,"warehouse_damage":0,"lost_in_post":0,"other_logs":0,"out_stock_days":0,"lost_sales":0,"has_location":false,"update_date":"2026-05-12T06:00:19","atum_locations":[],"atum_stock_status":"instock","restock_status":false,"low_stock_amount":"","sales_update_date":"2026-05-12T06:00:19","calc_backorders":0,"acf":{"EK1":"","Produktnummer":"","url":[""],"EK2":"","Produktnummer2":""},"yoast_head":"<!-- This site is optimized with the Yoast SEO plugin v27.4 - https:\/\/yoast.com\/product\/yoast-seo-wordpress\/ -->\n<title>FasterBikes.eu | Bafang Magura adapter cable<\/title>\n<meta name=\"description\" content=\"Here you can find the adapter cable for connecting the Magura brake to the Bafang BBS and CYC systems. Order online now!\" \/>\n<meta name=\"robots\" content=\"index, follow, max-snippet:-1, max-image-preview:large, max-video-preview:-1\" \/>\n<link rel=\"canonical\" href=\"https:\/\/fasterbikes.eu\/en\/shop\/accessories\/cables\/magura-mt5e-adapter-cable-bafang-and-cyc\/\" \/>\n<meta property=\"og:locale\" content=\"en_US\" \/>\n<meta property=\"og:type\" content=\"article\" \/>\n<meta property=\"og:title\" content=\"FasterBikes.eu | Bafang Magura adapter cable\" \/>\n<meta property=\"og:description\" content=\"Here you can find the adapter cable for connecting the Magura brake to the Bafang BBS and CYC systems. Order online now!\" \/>\n<meta property=\"og:url\" content=\"https:\/\/fasterbikes.eu\/en\/shop\/accessories\/cables\/magura-mt5e-adapter-cable-bafang-and-cyc\/\" \/>\n<meta property=\"og:site_name\" content=\"Fasterbikes\" \/>\n<meta property=\"article:modified_time\" content=\"2025-12-02T07:13:07+00:00\" \/>\n<meta property=\"og:image\" content=\"https:\/\/fasterbikes.eu\/wp-content\/uploads\/2024\/03\/bafang-magura-adapterkabel-5603.jpg\" \/>\n\t<meta property=\"og:image:width\" content=\"1080\" \/>\n\t<meta property=\"og:image:height\" content=\"1080\" \/>\n\t<meta property=\"og:image:type\" content=\"image\/jpeg\" \/>\n<meta name=\"twitter:card\" content=\"summary_large_image\" \/>\n<meta name=\"twitter:label1\" content=\"Est. reading time\" \/>\n\t<meta name=\"twitter:data1\" content=\"1 minute\" \/>\n<script type=\"application\/ld+json\" class=\"yoast-schema-graph\">{\"@context\":\"https:\\\/\\\/schema.org\",\"@graph\":[{\"@type\":\"WebPage\",\"@id\":\"https:\\\/\\\/fasterbikes.eu\\\/en\\\/shop\\\/accessories\\\/cables\\\/magura-mt5e-adapter-cable-bafang-and-cyc\\\/\",\"url\":\"https:\\\/\\\/fasterbikes.eu\\\/en\\\/shop\\\/accessories\\\/cables\\\/magura-mt5e-adapter-cable-bafang-and-cyc\\\/\",\"name\":\"FasterBikes.eu | Bafang Magura adapter cable\",\"isPartOf\":{\"@id\":\"https:\\\/\\\/fasterbikes.eu\\\/en\\\/#website\"},\"primaryImageOfPage\":{\"@id\":\"https:\\\/\\\/fasterbikes.eu\\\/en\\\/shop\\\/accessories\\\/cables\\\/magura-mt5e-adapter-cable-bafang-and-cyc\\\/#primaryimage\"},\"image\":{\"@id\":\"https:\\\/\\\/fasterbikes.eu\\\/en\\\/shop\\\/accessories\\\/cables\\\/magura-mt5e-adapter-cable-bafang-and-cyc\\\/#primaryimage\"},\"thumbnailUrl\":\"https:\\\/\\\/fasterbikes.eu\\\/wp-content\\\/uploads\\\/2024\\\/03\\\/bafang-magura-adapterkabel-5603.jpg\",\"datePublished\":\"2024-03-16T00:00:00+00:00\",\"dateModified\":\"2025-12-02T07:13:07+00:00\",\"description\":\"Here you can find the adapter cable for connecting the Magura brake to the Bafang BBS and CYC systems. Order online now!\",\"breadcrumb\":{\"@id\":\"https:\\\/\\\/fasterbikes.eu\\\/en\\\/shop\\\/accessories\\\/cables\\\/magura-mt5e-adapter-cable-bafang-and-cyc\\\/#breadcrumb\"},\"inLanguage\":\"en-US\",\"potentialAction\":[{\"@type\":\"ReadAction\",\"target\":[\"https:\\\/\\\/fasterbikes.eu\\\/en\\\/shop\\\/accessories\\\/cables\\\/magura-mt5e-adapter-cable-bafang-and-cyc\\\/\"]}]},{\"@type\":\"ImageObject\",\"inLanguage\":\"en-US\",\"@id\":\"https:\\\/\\\/fasterbikes.eu\\\/en\\\/shop\\\/accessories\\\/cables\\\/magura-mt5e-adapter-cable-bafang-and-cyc\\\/#primaryimage\",\"url\":\"https:\\\/\\\/fasterbikes.eu\\\/wp-content\\\/uploads\\\/2024\\\/03\\\/bafang-magura-adapterkabel-5603.jpg\",\"contentUrl\":\"https:\\\/\\\/fasterbikes.eu\\\/wp-content\\\/uploads\\\/2024\\\/03\\\/bafang-magura-adapterkabel-5603.jpg\",\"width\":1080,\"height\":1080},{\"@type\":\"BreadcrumbList\",\"@id\":\"https:\\\/\\\/fasterbikes.eu\\\/en\\\/shop\\\/accessories\\\/cables\\\/magura-mt5e-adapter-cable-bafang-and-cyc\\\/#breadcrumb\",\"itemListElement\":[{\"@type\":\"ListItem\",\"position\":1,\"name\":\"Startseite\",\"item\":\"https:\\\/\\\/fasterbikes.eu\\\/en\\\/\"},{\"@type\":\"ListItem\",\"position\":2,\"name\":\"Shop\",\"item\":\"https:\\\/\\\/fasterbikes.eu\\\/en\\\/shop\\\/\"},{\"@type\":\"ListItem\",\"position\":3,\"name\":\"Magura MT5e adapter cable Bafang and CYC\"}]},{\"@type\":\"WebSite\",\"@id\":\"https:\\\/\\\/fasterbikes.eu\\\/en\\\/#website\",\"url\":\"https:\\\/\\\/fasterbikes.eu\\\/en\\\/\",\"name\":\"Fasterbikes\",\"description\":\"\",\"potentialAction\":[{\"@type\":\"SearchAction\",\"target\":{\"@type\":\"EntryPoint\",\"urlTemplate\":\"https:\\\/\\\/fasterbikes.eu\\\/en\\\/?s={search_term_string}\"},\"query-input\":{\"@type\":\"PropertyValueSpecification\",\"valueRequired\":true,\"valueName\":\"search_term_string\"}}],\"inLanguage\":\"en-US\"}]}<\/script>\n<!-- \/ Yoast SEO plugin. -->","yoast_head_json":{"title":"FasterBikes.eu | Bafang Magura adapter cable","description":"Here you can find the adapter cable for connecting the Magura brake to the Bafang BBS and CYC systems. Order online now!","robots":{"index":"index","follow":"follow","max-snippet":"max-snippet:-1","max-image-preview":"max-image-preview:large","max-video-preview":"max-video-preview:-1"},"canonical":"https:\/\/fasterbikes.eu\/en\/shop\/accessories\/cables\/magura-mt5e-adapter-cable-bafang-and-cyc\/","og_locale":"en_US","og_type":"article","og_title":"FasterBikes.eu | Bafang Magura adapter cable","og_description":"Here you can find the adapter cable for connecting the Magura brake to the Bafang BBS and CYC systems. Order online now!","og_url":"https:\/\/fasterbikes.eu\/en\/shop\/accessories\/cables\/magura-mt5e-adapter-cable-bafang-and-cyc\/","og_site_name":"Fasterbikes","article_modified_time":"2025-12-02T07:13:07+00:00","og_image":[{"width":1080,"height":1080,"url":"https:\/\/fasterbikes.eu\/wp-content\/uploads\/2024\/03\/bafang-magura-adapterkabel-5603.jpg","type":"image\/jpeg"}],"twitter_card":"summary_large_image","twitter_misc":{"Est. reading time":"1 minute"},"schema":{"@context":"https:\/\/schema.org","@graph":[{"@type":"WebPage","@id":"https:\/\/fasterbikes.eu\/en\/shop\/accessories\/cables\/magura-mt5e-adapter-cable-bafang-and-cyc\/","url":"https:\/\/fasterbikes.eu\/en\/shop\/accessories\/cables\/magura-mt5e-adapter-cable-bafang-and-cyc\/","name":"FasterBikes.eu | Bafang Magura adapter cable","isPartOf":{"@id":"https:\/\/fasterbikes.eu\/en\/#website"},"primaryImageOfPage":{"@id":"https:\/\/fasterbikes.eu\/en\/shop\/accessories\/cables\/magura-mt5e-adapter-cable-bafang-and-cyc\/#primaryimage"},"image":{"@id":"https:\/\/fasterbikes.eu\/en\/shop\/accessories\/cables\/magura-mt5e-adapter-cable-bafang-and-cyc\/#primaryimage"},"thumbnailUrl":"https:\/\/fasterbikes.eu\/wp-content\/uploads\/2024\/03\/bafang-magura-adapterkabel-5603.jpg","datePublished":"2024-03-16T00:00:00+00:00","dateModified":"2025-12-02T07:13:07+00:00","description":"Here you can find the adapter cable for connecting the Magura brake to the Bafang BBS and CYC systems. Order online now!","breadcrumb":{"@id":"https:\/\/fasterbikes.eu\/en\/shop\/accessories\/cables\/magura-mt5e-adapter-cable-bafang-and-cyc\/#breadcrumb"},"inLanguage":"en-US","potentialAction":[{"@type":"ReadAction","target":["https:\/\/fasterbikes.eu\/en\/shop\/accessories\/cables\/magura-mt5e-adapter-cable-bafang-and-cyc\/"]}]},{"@type":"ImageObject","inLanguage":"en-US","@id":"https:\/\/fasterbikes.eu\/en\/shop\/accessories\/cables\/magura-mt5e-adapter-cable-bafang-and-cyc\/#primaryimage","url":"https:\/\/fasterbikes.eu\/wp-content\/uploads\/2024\/03\/bafang-magura-adapterkabel-5603.jpg","contentUrl":"https:\/\/fasterbikes.eu\/wp-content\/uploads\/2024\/03\/bafang-magura-adapterkabel-5603.jpg","width":1080,"height":1080},{"@type":"BreadcrumbList","@id":"https:\/\/fasterbikes.eu\/en\/shop\/accessories\/cables\/magura-mt5e-adapter-cable-bafang-and-cyc\/#breadcrumb","itemListElement":[{"@type":"ListItem","position":1,"name":"Startseite","item":"https:\/\/fasterbikes.eu\/en\/"},{"@type":"ListItem","position":2,"name":"Shop","item":"https:\/\/fasterbikes.eu\/en\/shop\/"},{"@type":"ListItem","position":3,"name":"Magura MT5e adapter cable Bafang and CYC"}]},{"@type":"WebSite","@id":"https:\/\/fasterbikes.eu\/en\/#website","url":"https:\/\/fasterbikes.eu\/en\/","name":"Fasterbikes","description":"","potentialAction":[{"@type":"SearchAction","target":{"@type":"EntryPoint","urlTemplate":"https:\/\/fasterbikes.eu\/en\/?s={search_term_string}"},"query-input":{"@type":"PropertyValueSpecification","valueRequired":true,"valueName":"search_term_string"}}],"inLanguage":"en-US"}]}},"_links":{"self":[{"href":"https:\/\/fasterbikes.eu\/en\/wp-json\/wp\/v2\/product\/21674","targetHints":{"allow":["GET"]}}],"collection":[{"href":"https:\/\/fasterbikes.eu\/en\/wp-json\/wp\/v2\/product"}],"about":[{"href":"https:\/\/fasterbikes.eu\/en\/wp-json\/wp\/v2\/types\/product"}],"replies":[{"embeddable":true,"href":"https:\/\/fasterbikes.eu\/en\/wp-json\/wp\/v2\/comments?post=21674"}],"wp:featuredmedia":[{"embeddable":true,"href":"https:\/\/fasterbikes.eu\/en\/wp-json\/wp\/v2\/media\/20695"}],"wp:attachment":[{"href":"https:\/\/fasterbikes.eu\/en\/wp-json\/wp\/v2\/media?parent=21674"}],"wp:term":[{"taxonomy":"product_brand","embeddable":true,"href":"https:\/\/fasterbikes.eu\/en\/wp-json\/wp\/v2\/product_brand?post=21674"},{"taxonomy":"product_cat","embeddable":true,"href":"https:\/\/fasterbikes.eu\/en\/wp-json\/wp\/v2\/product_cat?post=21674"},{"taxonomy":"product_tag","embeddable":true,"href":"https:\/\/fasterbikes.eu\/en\/wp-json\/wp\/v2\/product_tag?post=21674"}],"curies":[{"name":"wp","href":"https:\/\/api.w.org\/{rel}","templated":true}]}}