{"id":21655,"date":"2024-11-22T10:46:16","date_gmt":"2024-11-22T10:46:16","guid":{"rendered":"https:\/\/fasterbikes.eu\/find-the-right-set\/"},"modified":"2025-03-18T13:52:39","modified_gmt":"2025-03-18T13:52:39","slug":"find-the-right-set","status":"publish","type":"page","link":"https:\/\/fasterbikes.eu\/en\/find-the-right-set\/","title":{"rendered":"Find the right set"},"content":{"rendered":"<div class=\"wpb-content-wrapper\"><p>[vc_row][vc_column][vc_custom_heading text=&#8221;How do I find the right e-bike retrofit kit?&#8221; font_container=&#8221;tag:h1|text_align:center&#8221; use_theme_fonts=&#8221;yes&#8221; css=&#8221;&#8221;][vc_empty_space height=&#8221;15px&#8221; woodmart_hide_large=&#8221;0&#8243; woodmart_hide_medium=&#8221;0&#8243; woodmart_hide_small=&#8221;0&#8243;][vc_column_text css=&#8221;&#8221; woodmart_inline=&#8221;no&#8221; text_larger=&#8221;no&#8221;]In the following table, we have compared our mid-drive motors. In addition to volume, performance, technical details, etc., we have also tried to list the respective advantages and disadvantages. This should help you to choose the right motor for you. Below you will find 3 important points: You should pay attention to these so that the motor or the other components of the kit also fit your bike.[\/vc_column_text]\t\t<div class=\"wd-wpb wd-rs-67406089813f8\">\n\t\t\t<div class=\"wd-el-table-wrap wd-reset-all-last\">\n\t\t\t\t<table class=\"wd-el-table\">\n\t\t\t\t\t<tbody class=\"text-left\">\n\t\t\t\t\t\t\t\t<tr class=\" wd-rs-67406474a59ca\">\n\t\t\t\t\t\t\t\t\t\t\t\t\t\t<th colspan=\"1\" rowspan=\"1\" style=\"background-color: rgb(237,237,237);\">\n\t\t\t\t\t\t\t\t\t\t\t\t\tHersteller\t\t\t\t\t\t\t\t\t\t\t<\/th>\n\t\t\t\t\t\t\t\t\t\t\t\t\t\t<th colspan=\"1\" rowspan=\"1\" class=\"text-center\">\n\t\t\t\t\t\t\t\t\t\t\t\t\tCYC\t\t\t\t\t\t\t\t\t\t\t<\/th>\n\t\t\t\t\t\t\t\t\t\t\t\t\t\t<th colspan=\"1\" rowspan=\"1\" class=\"text-center\">\n\t\t\t\t\t\t\t\t\t\t\t\t\tBafang\t\t\t\t\t\t\t\t\t\t\t<\/th>\n\t\t\t\t\t\t\t\t\t\t\t\t\t\t<th colspan=\"1\" rowspan=\"1\" class=\"text-center\">\n\t\t\t\t\t\t\t\t\t\t\t\t\tCYC\t\t\t\t\t\t\t\t\t\t\t<\/th>\n\t\t\t\t\t\t\t\t\t\t\t\t\t\t<th colspan=\"1\" rowspan=\"1\" class=\"text-center\">\n\t\t\t\t\t\t\t\t\t\t\t\t\tCYC\t\t\t\t\t\t\t\t\t\t\t<\/th>\n\t\t\t\t\t\t\t<\/tr>\n\t\t\t\t\t<tr class=\" wd-rs-674064aa9a26b\">\n\t\t\t\t\t\t\t\t\t\t\t\t\t\t<th colspan=\"1\" rowspan=\"1\" style=\"background-color: rgb(237,237,237);\">\n\t\t\t\t\t\t\t\t\t\t\t\t\tMotorbezeichnung\t\t\t\t\t\t\t\t\t\t\t<\/th>\n\t\t\t\t\t\t\t\t\t\t\t\t\t\t<td colspan=\"1\" rowspan=\"1\" class=\"text-center\">\n\t\t\t\t\t\t\t\t\t\t\t\t\tPhoton\t\t\t\t\t\t\t\t\t\t\t<\/td>\n\t\t\t\t\t\t\t\t\t\t\t\t\t\t<td colspan=\"1\" rowspan=\"1\" class=\"text-center\">\n\t\t\t\t\t\t\t\t\t\t\t\t\tBBSHD (M615)\t\t\t\t\t\t\t\t\t\t\t<\/td>\n\t\t\t\t\t\t\t\t\t\t\t\t\t\t<td colspan=\"1\" rowspan=\"1\" class=\"text-center\">\n\t\t\t\t\t\t\t\t\t\t\t\t\tX1 Stealth Gen3\t\t\t\t\t\t\t\t\t\t\t<\/td>\n\t\t\t\t\t\t\t\t\t\t\t\t\t\t<td colspan=\"1\" rowspan=\"1\" class=\"text-center\">\n\t\t\t\t\t\t\t\t\t\t\t\t\tX1 Pro Gen4\t\t\t\t\t\t\t\t\t\t\t<\/td>\n\t\t\t\t\t\t\t<\/tr>\n\t\t\t\t\t<tr class=\" wd-rs-674064b89cd71\">\n\t\t\t\t\t\t\t\t\t\t\t\t\t\t<th colspan=\"1\" rowspan=\"1\" style=\"background-color: rgb(237,237,237);\">\n\t\t\t\t\t\t\t\t\t\t\t\t\tLeistung (Herstellerangabe)\t\t\t\t\t\t\t\t\t\t\t<\/th>\n\t\t\t\t\t\t\t\t\t\t\t\t\t\t<td colspan=\"1\" rowspan=\"1\" class=\"text-center\">\n\t\t\t\t\t\t\t\t\t\t\t\t\t750 W\t\t\t\t\t\t\t\t\t\t\t<\/td>\n\t\t\t\t\t\t\t\t\t\t\t\t\t\t<td colspan=\"1\" rowspan=\"1\" class=\"text-center\">\n\t\t\t\t\t\t\t\t\t\t\t\t\t1000 W\t\t\t\t\t\t\t\t\t\t\t<\/td>\n\t\t\t\t\t\t\t\t\t\t\t\t\t\t<td colspan=\"1\" rowspan=\"1\" class=\"text-center\">\n\t\t\t\t\t\t\t\t\t\t\t\t\t1500 W\t\t\t\t\t\t\t\t\t\t\t<\/td>\n\t\t\t\t\t\t\t\t\t\t\t\t\t\t<td colspan=\"1\" rowspan=\"1\" class=\"text-center\">\n\t\t\t\t\t\t\t\t\t\t\t\t\t5000 W\t\t\t\t\t\t\t\t\t\t\t<\/td>\n\t\t\t\t\t\t\t<\/tr>\n\t\t\t\t\t<tr class=\" wd-rs-674064f206189\">\n\t\t\t\t\t\t\t\t\t\t\t\t\t\t<th colspan=\"1\" rowspan=\"1\" style=\"background-color: rgb(237,237,237);\">\n\t\t\t\t\t\t\t\t\t\t\t\t\tMotorlautst\u00e4rke (dB)\t\t\t\t\t\t\t\t\t\t\t<\/th>\n\t\t\t\t\t\t\t\t\t\t\t\t\t\t<td colspan=\"1\" rowspan=\"1\" class=\"text-center\">\n\t\t\t\t\t\t\t\t\t\t\t\t\t65\t\t\t\t\t\t\t\t\t\t\t<\/td>\n\t\t\t\t\t\t\t\t\t\t\t\t\t\t<td colspan=\"1\" rowspan=\"1\" class=\"text-center\">\n\t\t\t\t\t\t\t\t\t\t\t\t\t61\t\t\t\t\t\t\t\t\t\t\t<\/td>\n\t\t\t\t\t\t\t\t\t\t\t\t\t\t<td colspan=\"1\" rowspan=\"1\" class=\"text-center\">\n\t\t\t\t\t\t\t\t\t\t\t\t\tca. 90\t\t\t\t\t\t\t\t\t\t\t<\/td>\n\t\t\t\t\t\t\t\t\t\t\t\t\t\t<td colspan=\"1\" rowspan=\"1\" class=\"text-center\">\n\t\t\t\t\t\t\t\t\t\t\t\t\tca. 90\t\t\t\t\t\t\t\t\t\t\t<\/td>\n\t\t\t\t\t\t\t<\/tr>\n\t\t\t\t\t<tr class=\" wd-rs-67406540b8283\">\n\t\t\t\t\t\t\t\t\t\t\t\t\t\t<th colspan=\"1\" rowspan=\"1\" style=\"background-color: rgb(237,237,237);\">\n\t\t\t\t\t\t\t\t\t\t\t\t\tDrehmomentsensor\t\t\t\t\t\t\t\t\t\t\t<\/th>\n\t\t\t\t\t\t\t\t\t\t\t\t\t\t<td colspan=\"1\" rowspan=\"1\" class=\"text-center\">\n\t\t\t\t\t\t\t\t\t\t\t\t\tJa\t\t\t\t\t\t\t\t\t\t\t<\/td>\n\t\t\t\t\t\t\t\t\t\t\t\t\t\t<td colspan=\"1\" rowspan=\"1\" class=\"text-center\">\n\t\t\t\t\t\t\t\t\t\t\t\t\tNein\t\t\t\t\t\t\t\t\t\t\t<\/td>\n\t\t\t\t\t\t\t\t\t\t\t\t\t\t<td colspan=\"1\" rowspan=\"1\" class=\"text-center\">\n\t\t\t\t\t\t\t\t\t\t\t\t\tJa\t\t\t\t\t\t\t\t\t\t\t<\/td>\n\t\t\t\t\t\t\t\t\t\t\t\t\t\t<td colspan=\"1\" rowspan=\"1\" class=\"text-center\">\n\t\t\t\t\t\t\t\t\t\t\t\t\tJa\t\t\t\t\t\t\t\t\t\t\t<\/td>\n\t\t\t\t\t\t\t<\/tr>\n\t\t\t\t\t<tr class=\" wd-rs-6740657f729f2\">\n\t\t\t\t\t\t\t\t\t\t\t\t\t\t<th colspan=\"1\" rowspan=\"1\" style=\"background-color: rgb(237,237,237);\">\n\t\t\t\t\t\t\t\t\t\t\t\t\tAnsteuerung\t\t\t\t\t\t\t\t\t\t\t<\/th>\n\t\t\t\t\t\t\t\t\t\t\t\t\t\t<td colspan=\"1\" rowspan=\"1\" class=\"text-center\">\n\t\t\t\t\t\t\t\t\t\t\t\t\tDrehmoment\t\t\t\t\t\t\t\t\t\t\t<\/td>\n\t\t\t\t\t\t\t\t\t\t\t\t\t\t<td colspan=\"1\" rowspan=\"1\" class=\"text-center\">\n\t\t\t\t\t\t\t\t\t\t\t\t\tKadenz\t\t\t\t\t\t\t\t\t\t\t<\/td>\n\t\t\t\t\t\t\t\t\t\t\t\t\t\t<td colspan=\"1\" rowspan=\"1\" class=\"text-center\">\n\t\t\t\t\t\t\t\t\t\t\t\t\tDrehmoment\t\t\t\t\t\t\t\t\t\t\t<\/td>\n\t\t\t\t\t\t\t\t\t\t\t\t\t\t<td colspan=\"1\" rowspan=\"1\" class=\"text-center\">\n\t\t\t\t\t\t\t\t\t\t\t\t\tDrehmoment\t\t\t\t\t\t\t\t\t\t\t<\/td>\n\t\t\t\t\t\t\t<\/tr>\n\t\t\t\t\t<tr class=\" wd-rs-674065d6d830f\">\n\t\t\t\t\t\t\t\t\t\t\t\t\t\t<th colspan=\"1\" rowspan=\"1\" style=\"background-color: rgb(237,237,237);\">\n\t\t\t\t\t\t\t\t\t\t\t\t\tGashebel (optional)\t\t\t\t\t\t\t\t\t\t\t<\/th>\n\t\t\t\t\t\t\t\t\t\t\t\t\t\t<td colspan=\"1\" rowspan=\"1\" class=\"text-center\">\n\t\t\t\t\t\t\t\t\t\t\t\t\tJa\t\t\t\t\t\t\t\t\t\t\t<\/td>\n\t\t\t\t\t\t\t\t\t\t\t\t\t\t<td colspan=\"1\" rowspan=\"1\" class=\"text-center\">\n\t\t\t\t\t\t\t\t\t\t\t\t\tJa\t\t\t\t\t\t\t\t\t\t\t<\/td>\n\t\t\t\t\t\t\t\t\t\t\t\t\t\t<td colspan=\"1\" rowspan=\"1\" class=\"text-center\">\n\t\t\t\t\t\t\t\t\t\t\t\t\tJa\t\t\t\t\t\t\t\t\t\t\t<\/td>\n\t\t\t\t\t\t\t\t\t\t\t\t\t\t<td colspan=\"1\" rowspan=\"1\" class=\"text-center\">\n\t\t\t\t\t\t\t\t\t\t\t\t\tJa\t\t\t\t\t\t\t\t\t\t\t<\/td>\n\t\t\t\t\t\t\t<\/tr>\n\t\t\t\t\t<tr class=\" wd-rs-67406601785a8\">\n\t\t\t\t\t\t\t\t\t\t\t\t\t\t<th colspan=\"1\" rowspan=\"1\" style=\"background-color: rgb(237,237,237);\">\n\t\t\t\t\t\t\t\t\t\t\t\t\tProgrammierbar\t\t\t\t\t\t\t\t\t\t\t<\/th>\n\t\t\t\t\t\t\t\t\t\t\t\t\t\t<td colspan=\"1\" rowspan=\"1\" class=\"text-center\">\n\t\t\t\t\t\t\t\t\t\t\t\t\tJa\t\t\t\t\t\t\t\t\t\t\t<\/td>\n\t\t\t\t\t\t\t\t\t\t\t\t\t\t<td colspan=\"1\" rowspan=\"1\" class=\"text-center\">\n\t\t\t\t\t\t\t\t\t\t\t\t\tJa\t\t\t\t\t\t\t\t\t\t\t<\/td>\n\t\t\t\t\t\t\t\t\t\t\t\t\t\t<td colspan=\"1\" rowspan=\"1\" class=\"text-center\">\n\t\t\t\t\t\t\t\t\t\t\t\t\tJa\t\t\t\t\t\t\t\t\t\t\t<\/td>\n\t\t\t\t\t\t\t\t\t\t\t\t\t\t<td colspan=\"1\" rowspan=\"1\" class=\"text-center\">\n\t\t\t\t\t\t\t\t\t\t\t\t\tJa\t\t\t\t\t\t\t\t\t\t\t<\/td>\n\t\t\t\t\t\t\t<\/tr>\n\t\t\t\t\t<tr class=\" wd-rs-674066157ed27\">\n\t\t\t\t\t\t\t\t\t\t\t\t\t\t<th colspan=\"1\" rowspan=\"1\" style=\"background-color: rgb(237,237,237);\">\n\t\t\t\t\t\t\t\t\t\t\t\t\tBluetooth\t\t\t\t\t\t\t\t\t\t\t<\/th>\n\t\t\t\t\t\t\t\t\t\t\t\t\t\t<td colspan=\"1\" rowspan=\"1\" class=\"text-center\">\n\t\t\t\t\t\t\t\t\t\t\t\t\tJa\t\t\t\t\t\t\t\t\t\t\t<\/td>\n\t\t\t\t\t\t\t\t\t\t\t\t\t\t<td colspan=\"1\" rowspan=\"1\" class=\"text-center\">\n\t\t\t\t\t\t\t\t\t\t\t\t\tJa (\u00fcber Display)\t\t\t\t\t\t\t\t\t\t\t<\/td>\n\t\t\t\t\t\t\t\t\t\t\t\t\t\t<td colspan=\"1\" rowspan=\"1\" class=\"text-center\">\n\t\t\t\t\t\t\t\t\t\t\t\t\tJa\t\t\t\t\t\t\t\t\t\t\t<\/td>\n\t\t\t\t\t\t\t\t\t\t\t\t\t\t<td colspan=\"1\" rowspan=\"1\" class=\"text-center\">\n\t\t\t\t\t\t\t\t\t\t\t\t\tJa\t\t\t\t\t\t\t\t\t\t\t<\/td>\n\t\t\t\t\t\t\t<\/tr>\n\t\t\t\t\t<tr class=\" wd-rs-674066344e107\">\n\t\t\t\t\t\t\t\t\t\t\t\t\t\t<th colspan=\"1\" rowspan=\"1\" style=\"background-color: rgb(237,237,237);\">\n\t\t\t\t\t\t\t\t\t\t\t\t\tRekuperation\t\t\t\t\t\t\t\t\t\t\t<\/th>\n\t\t\t\t\t\t\t\t\t\t\t\t\t\t<td colspan=\"1\" rowspan=\"1\" class=\"text-center\">\n\t\t\t\t\t\t\t\t\t\t\t\t\tNein\t\t\t\t\t\t\t\t\t\t\t<\/td>\n\t\t\t\t\t\t\t\t\t\t\t\t\t\t<td colspan=\"1\" rowspan=\"1\" class=\"text-center\">\n\t\t\t\t\t\t\t\t\t\t\t\t\tNein\t\t\t\t\t\t\t\t\t\t\t<\/td>\n\t\t\t\t\t\t\t\t\t\t\t\t\t\t<td colspan=\"1\" rowspan=\"1\" class=\"text-center\">\n\t\t\t\t\t\t\t\t\t\t\t\t\tNein\t\t\t\t\t\t\t\t\t\t\t<\/td>\n\t\t\t\t\t\t\t\t\t\t\t\t\t\t<td colspan=\"1\" rowspan=\"1\" class=\"text-center\">\n\t\t\t\t\t\t\t\t\t\t\t\t\tNein\t\t\t\t\t\t\t\t\t\t\t<\/td>\n\t\t\t\t\t\t\t<\/tr>\n\t\t\t\t\t<tr class=\" wd-rs-6740665b31281\">\n\t\t\t\t\t\t\t\t\t\t\t\t\t\t<th colspan=\"1\" rowspan=\"1\" style=\"background-color: rgb(237,237,237);\">\n\t\t\t\t\t\t\t\t\t\t\t\t\tR\u00fccktrittbremse verwendbar\t\t\t\t\t\t\t\t\t\t\t<\/th>\n\t\t\t\t\t\t\t\t\t\t\t\t\t\t<td colspan=\"1\" rowspan=\"1\" class=\"text-center\">\n\t\t\t\t\t\t\t\t\t\t\t\t\tNein\t\t\t\t\t\t\t\t\t\t\t<\/td>\n\t\t\t\t\t\t\t\t\t\t\t\t\t\t<td colspan=\"1\" rowspan=\"1\" class=\"text-center\">\n\t\t\t\t\t\t\t\t\t\t\t\t\tNein\t\t\t\t\t\t\t\t\t\t\t<\/td>\n\t\t\t\t\t\t\t\t\t\t\t\t\t\t<td colspan=\"1\" rowspan=\"1\" class=\"text-center\">\n\t\t\t\t\t\t\t\t\t\t\t\t\tNein\t\t\t\t\t\t\t\t\t\t\t<\/td>\n\t\t\t\t\t\t\t\t\t\t\t\t\t\t<td colspan=\"1\" rowspan=\"1\" class=\"text-center\">\n\t\t\t\t\t\t\t\t\t\t\t\t\tNein\t\t\t\t\t\t\t\t\t\t\t<\/td>\n\t\t\t\t\t\t\t<\/tr>\n\t\t\t\t\t<tr class=\" wd-rs-674066726c042\">\n\t\t\t\t\t\t\t\t\t\t\t\t\t\t<th colspan=\"1\" rowspan=\"1\" style=\"background-color: rgb(237,237,237);\">\n\t\t\t\t\t\t\t\t\t\t\t\t\tMax. Ampere\t\t\t\t\t\t\t\t\t\t\t<\/th>\n\t\t\t\t\t\t\t\t\t\t\t\t\t\t<td colspan=\"1\" rowspan=\"1\" class=\"text-center\">\n\t\t\t\t\t\t\t\t\t\t\t\t\t40 A\t\t\t\t\t\t\t\t\t\t\t<\/td>\n\t\t\t\t\t\t\t\t\t\t\t\t\t\t<td colspan=\"1\" rowspan=\"1\" class=\"text-center\">\n\t\t\t\t\t\t\t\t\t\t\t\t\t30A\t\t\t\t\t\t\t\t\t\t\t<\/td>\n\t\t\t\t\t\t\t\t\t\t\t\t\t\t<td colspan=\"1\" rowspan=\"1\" class=\"text-center\">\n\t\t\t\t\t\t\t\t\t\t\t\t\t65 A\t\t\t\t\t\t\t\t\t\t\t<\/td>\n\t\t\t\t\t\t\t\t\t\t\t\t\t\t<td colspan=\"1\" rowspan=\"1\" class=\"text-center\">\n\t\t\t\t\t\t\t\t\t\t\t\t\t120 A\t\t\t\t\t\t\t\t\t\t\t<\/td>\n\t\t\t\t\t\t\t<\/tr>\n\t\t\t\t\t<tr class=\" wd-rs-674066b4a06aa\">\n\t\t\t\t\t\t\t\t\t\t\t\t\t\t<th colspan=\"1\" rowspan=\"1\" style=\"background-color: rgb(237,237,237);\">\n\t\t\t\t\t\t\t\t\t\t\t\t\tGewicht Motor inkl. Controller\t\t\t\t\t\t\t\t\t\t\t<\/th>\n\t\t\t\t\t\t\t\t\t\t\t\t\t\t<td colspan=\"1\" rowspan=\"1\" class=\"text-center\">\n\t\t\t\t\t\t\t\t\t\t\t\t\t3,3 kg\t\t\t\t\t\t\t\t\t\t\t<\/td>\n\t\t\t\t\t\t\t\t\t\t\t\t\t\t<td colspan=\"1\" rowspan=\"1\" class=\"text-center\">\n\t\t\t\t\t\t\t\t\t\t\t\t\t5,8 kg\t\t\t\t\t\t\t\t\t\t\t<\/td>\n\t\t\t\t\t\t\t\t\t\t\t\t\t\t<td colspan=\"1\" rowspan=\"1\" class=\"text-center\">\n\t\t\t\t\t\t\t\t\t\t\t\t\t2,7 kg\t\t\t\t\t\t\t\t\t\t\t<\/td>\n\t\t\t\t\t\t\t\t\t\t\t\t\t\t<td colspan=\"1\" rowspan=\"1\" class=\"text-center\">\n\t\t\t\t\t\t\t\t\t\t\t\t\t3,8 kg\t\t\t\t\t\t\t\t\t\t\t<\/td>\n\t\t\t\t\t\t\t<\/tr>\n\t\t\t\t\t<tr class=\" wd-rs-674066ec5c88c\">\n\t\t\t\t\t\t\t\t\t\t\t\t\t\t<th colspan=\"1\" rowspan=\"1\" style=\"background-color: rgb(237,237,237);\">\n\t\t\t\t\t\t\t\t\t\t\t\t\tKompatible Akku-Nennspannung\t\t\t\t\t\t\t\t\t\t\t<\/th>\n\t\t\t\t\t\t\t\t\t\t\t\t\t\t<td colspan=\"1\" rowspan=\"1\" class=\"text-center\">\n\t\t\t\t\t\t\t\t\t\t\t\t\t36-52V\t\t\t\t\t\t\t\t\t\t\t<\/td>\n\t\t\t\t\t\t\t\t\t\t\t\t\t\t<td colspan=\"1\" rowspan=\"1\" class=\"text-center\">\n\t\t\t\t\t\t\t\t\t\t\t\t\t48V, 52V\t\t\t\t\t\t\t\t\t\t\t<\/td>\n\t\t\t\t\t\t\t\t\t\t\t\t\t\t<td colspan=\"1\" rowspan=\"1\" class=\"text-center\">\n\t\t\t\t\t\t\t\t\t\t\t\t\t36-52V\t\t\t\t\t\t\t\t\t\t\t<\/td>\n\t\t\t\t\t\t\t\t\t\t\t\t\t\t<td colspan=\"1\" rowspan=\"1\" class=\"text-center\">\n\t\t\t\t\t\t\t\t\t\t\t\t\t36-72V\t\t\t\t\t\t\t\t\t\t\t<\/td>\n\t\t\t\t\t\t\t<\/tr>\n\t\t\t\t\t<tr class=\" wd-rs-6740672b57a21\">\n\t\t\t\t\t\t\t\t\t\t\t\t\t\t<th colspan=\"1\" rowspan=\"1\" style=\"background-color: rgb(237,237,237);\">\n\t\t\t\t\t\t\t\t\t\t\t\t\tMax. Drehmoment\t\t\t\t\t\t\t\t\t\t\t<\/th>\n\t\t\t\t\t\t\t\t\t\t\t\t\t\t<td colspan=\"1\" rowspan=\"1\" class=\"text-center\">\n\t\t\t\t\t\t\t\t\t\t\t\t\t110 Nm\t\t\t\t\t\t\t\t\t\t\t<\/td>\n\t\t\t\t\t\t\t\t\t\t\t\t\t\t<td colspan=\"1\" rowspan=\"1\" class=\"text-center\">\n\t\t\t\t\t\t\t\t\t\t\t\t\t160 Nm\t\t\t\t\t\t\t\t\t\t\t<\/td>\n\t\t\t\t\t\t\t\t\t\t\t\t\t\t<td colspan=\"1\" rowspan=\"1\" class=\"text-center\">\n\t\t\t\t\t\t\t\t\t\t\t\t\t150 Nm\t\t\t\t\t\t\t\t\t\t\t<\/td>\n\t\t\t\t\t\t\t\t\t\t\t\t\t\t<td colspan=\"1\" rowspan=\"1\" class=\"text-center\">\n\t\t\t\t\t\t\t\t\t\t\t\t\t280 Nm\t\t\t\t\t\t\t\t\t\t\t<\/td>\n\t\t\t\t\t\t\t<\/tr>\n\t\t\t\t\t<tr class=\" wd-rs-6740675c89e5b\">\n\t\t\t\t\t\t\t\t\t\t\t\t\t\t<th colspan=\"1\" rowspan=\"1\" style=\"background-color: rgb(237,237,237);\">\n\t\t\t\t\t\t\t\t\t\t\t\t\tPassende Tretlagerbreiten\t\t\t\t\t\t\t\t\t\t\t<\/th>\n\t\t\t\t\t\t\t\t\t\t\t\t\t\t<td colspan=\"1\" rowspan=\"1\" class=\"text-center\">\n\t\t\t\t\t\t\t\t\t\t\t\t\t68-120 mm\t\t\t\t\t\t\t\t\t\t\t<\/td>\n\t\t\t\t\t\t\t\t\t\t\t\t\t\t<td colspan=\"1\" rowspan=\"1\" class=\"text-center\">\n\t\t\t\t\t\t\t\t\t\t\t\t\t68-120 mm\t\t\t\t\t\t\t\t\t\t\t<\/td>\n\t\t\t\t\t\t\t\t\t\t\t\t\t\t<td colspan=\"1\" rowspan=\"1\" class=\"text-center\">\n\t\t\t\t\t\t\t\t\t\t\t\t\t68-120 mm\t\t\t\t\t\t\t\t\t\t\t<\/td>\n\t\t\t\t\t\t\t\t\t\t\t\t\t\t<td colspan=\"1\" rowspan=\"1\" class=\"text-center\">\n\t\t\t\t\t\t\t\t\t\t\t\t\t68-120 mm\t\t\t\t\t\t\t\t\t\t\t<\/td>\n\t\t\t\t\t\t\t<\/tr>\n\t\t\t\t\t<tr class=\" wd-rs-6740678c06163\">\n\t\t\t\t\t\t\t\t\t\t\t\t\t\t<th colspan=\"1\" rowspan=\"1\" style=\"background-color: rgb(237,237,237);\">\n\t\t\t\t\t\t\t\t\t\t\t\t\tNachtr\u00e4gliche Anpassung \/ Montage an andere Tretlagerbreiten\t\t\t\t\t\t\t\t\t\t\t<\/th>\n\t\t\t\t\t\t\t\t\t\t\t\t\t\t<td colspan=\"1\" rowspan=\"1\" class=\"text-center\">\n\t\t\t\t\t\t\t\t\t\t\t\t\teinfach (modulares Design)\t\t\t\t\t\t\t\t\t\t\t<\/td>\n\t\t\t\t\t\t\t\t\t\t\t\t\t\t<td colspan=\"1\" rowspan=\"1\" class=\"text-center\">\n\t\t\t\t\t\t\t\t\t\t\t\t\tschwierig (eigene Versionsbreite)\t\t\t\t\t\t\t\t\t\t\t<\/td>\n\t\t\t\t\t\t\t\t\t\t\t\t\t\t<td colspan=\"1\" rowspan=\"1\" class=\"text-center\">\n\t\t\t\t\t\t\t\t\t\t\t\t\teinfach (modulares Design)\t\t\t\t\t\t\t\t\t\t\t<\/td>\n\t\t\t\t\t\t\t\t\t\t\t\t\t\t<td colspan=\"1\" rowspan=\"1\" class=\"text-center\">\n\t\t\t\t\t\t\t\t\t\t\t\t\teinfach (modulares Design)\t\t\t\t\t\t\t\t\t\t\t<\/td>\n\t\t\t\t\t\t\t<\/tr>\n\t\t\t\t\t<tr class=\" wd-rs-674067d1ea571\">\n\t\t\t\t\t\t\t\t\t\t\t\t\t\t<th colspan=\"1\" rowspan=\"1\" style=\"background-color: rgb(237,237,237);\">\n\t\t\t\t\t\t\t\t\t\t\t\t\tVorteile\t\t\t\t\t\t\t\t\t\t\t<\/th>\n\t\t\t\t\t\t\t\t\t\t\t\t\t\t<td colspan=\"1\" rowspan=\"1\" class=\"text-center\">\n\t\t\t\t\t\t\t\t\t\t\t\t\tGeringes Gewicht, moderner Look, kleine Bauart, leise, gute Kettenlinie, Drehmomentsensor, nat\u00fcrliches Fahrgef\u00fchl, gute Bodenfreiheit\t\t\t\t\t\t\t\t\t\t\t<\/td>\n\t\t\t\t\t\t\t\t\t\t\t\t\t\t<td colspan=\"1\" rowspan=\"1\" class=\"text-center\">\n\t\t\t\t\t\t\t\t\t\t\t\t\tLeise, robust, bew\u00e4hrt, f\u00fcr Bergfahrten und gr\u00f6\u00dfere Belastung geeignet\t\t\t\t\t\t\t\t\t\t\t<\/td>\n\t\t\t\t\t\t\t\t\t\t\t\t\t\t<td colspan=\"1\" rowspan=\"1\" class=\"text-center\">\n\t\t\t\t\t\t\t\t\t\t\t\t\tGeringes Gewicht, moderner Look, kleine Bauart, keine Probleme mit Kettenlinie, Drehmomentsensor, nat\u00fcrliches Fahrgef\u00fchl, sehr gute Bodenfreiheit, Montage auch bei dickem Rahmen im Bereich Tretlager m\u00f6glich\t\t\t\t\t\t\t\t\t\t\t<\/td>\n\t\t\t\t\t\t\t\t\t\t\t\t\t\t<td colspan=\"1\" rowspan=\"1\" class=\"text-center\">\n\t\t\t\t\t\t\t\t\t\t\t\t\tMega-Leistung, geringes Gewicht, moderner Look, kleine Bauart, keine Probleme mit Kettenlinie, Drehmomentsensor, nat\u00fcrliches Fahrgef\u00fchl, sehr gute Bodenfreiheit, Montage auch bei dickem Rahmen im Bereich Tretlager m\u00f6glich\t\t\t\t\t\t\t\t\t\t\t<\/td>\n\t\t\t\t\t\t\t<\/tr>\n\t\t\t\t\t<tr class=\" wd-rs-67406888d46fe\">\n\t\t\t\t\t\t\t\t\t\t\t\t\t\t<th colspan=\"1\" rowspan=\"1\" style=\"background-color: rgb(237,237,237);\">\n\t\t\t\t\t\t\t\t\t\t\t\t\tNachteile\t\t\t\t\t\t\t\t\t\t\t<\/th>\n\t\t\t\t\t\t\t\t\t\t\t\t\t\t<td colspan=\"1\" rowspan=\"1\" class=\"text-center\">\n\t\t\t\t\t\t\t\t\t\t\t\t\tPasst nicht bei dickem Rahmen im Bereich Tretlager (max. 1cm)\t\t\t\t\t\t\t\t\t\t\t<\/td>\n\t\t\t\t\t\t\t\t\t\t\t\t\t\t<td colspan=\"1\" rowspan=\"1\" class=\"text-center\">\n\t\t\t\t\t\t\t\t\t\t\t\t\tWeniger Bodenfreiheit bei Fahrr\u00e4der mit flachem Unterrohr, Passt nicht bei dickem Rahmen im Bereich Tretlager (max. 1cm), Kettenlinie bei modernen Bikes aufgrund gro\u00dfem Getriebe teilweise zu schr\u00e4g\t\t\t\t\t\t\t\t\t\t\t<\/td>\n\t\t\t\t\t\t\t\t\t\t\t\t\t\t<td colspan=\"1\" rowspan=\"1\" class=\"text-center\">\n\t\t\t\t\t\t\t\t\t\t\t\t\tLauter als herk\u00f6mmliche E-Bike Motoren\t\t\t\t\t\t\t\t\t\t\t<\/td>\n\t\t\t\t\t\t\t\t\t\t\t\t\t\t<td colspan=\"1\" rowspan=\"1\" class=\"text-center\">\n\t\t\t\t\t\t\t\t\t\t\t\t\tLauter als herk\u00f6mmliche E-Bike Motoren\t\t\t\t\t\t\t\t\t\t\t<\/td>\n\t\t\t\t\t\t\t<\/tr>\n\t\t\t\t\t\t\t<\/tbody>\n\t\t\t\t<\/table>\n\t\t\t<\/div>\n\t\t<\/div>\n\t\t[vc_separator color=&#8221;custom&#8221; border_width=&#8221;2&#8243; el_width=&#8221;60&#8243; css=&#8221;&#8221; accent_color=&#8221;#0cb1b5&#8243; wd_hide_on_desktop=&#8221;no&#8221; wd_hide_on_tablet=&#8221;no&#8221; wd_hide_on_mobile=&#8221;no&#8221;][\/vc_column][\/vc_row][vc_row][vc_column width=&#8221;1\/2&#8243;][vc_custom_heading text=&#8221;To the retrofit kits&#8221; font_container=&#8221;tag:h2|text_align:center&#8221; use_theme_fonts=&#8221;yes&#8221; css=&#8221;&#8221;][vc_column_text css=&#8221;&#8221; woodmart_inline=&#8221;no&#8221; text_larger=&#8221;no&#8221;]<\/p>\n<p style=\"text-align: justify;\">Here you will find our so-called complete sets. We have already put together various retrofit kits &#8211; including all the necessary and also some recommended components such as the shift sensor. True to the motto: <strong>order &#8211; install &#8211; ride!<\/strong>    <\/p>\n<p>[\/vc_column_text][vc_btn title=&#8221;To the retrofit kits&#8221; color=&#8221;black&#8221; align=&#8221;center&#8221; i_icon_fontawesome=&#8221;fas fa-angle-double-right&#8221; css=&#8221;&#8221; add_icon=&#8221;true&#8221; link=&#8221;url:https%3A%2F%2Ffasterbikes.eu%2Fprodukt-kategorie%2Fe-bike-nachrustset%2F|title:Ebike%20retrofit%20kit|&#8221;][\/vc_column][vc_column width=&#8221;1\/2&#8243;][vc_custom_heading text=&#8221;To the configurator&#8221; font_container=&#8221;tag:h2|text_align:center&#8221; use_theme_fonts=&#8221;yes&#8221; css=&#8221;&#8221;][vc_column_text css=&#8221;&#8221; woodmart_inline=&#8221;no&#8221; text_larger=&#8221;no&#8221;]<\/p>\n<p style=\"text-align: justify;\">Put together your own retrofit kit in our configurator &#8211; freely configurable and adapted to your preferences. From the motor to the display, chainring, throttle, cranks and accessories &#8211; right through to the battery: everything <strong>is freely selectable and 100% compatible<\/strong>. <\/p>\n<p>[\/vc_column_text][vc_btn title=&#8221;To the set configurator&#8221; color=&#8221;black&#8221; align=&#8221;center&#8221; i_icon_fontawesome=&#8221;fas fa-angle-double-right&#8221; css=&#8221;&#8221; add_icon=&#8221;true&#8221; link=&#8221;url:https%3A%2F%2Ffasterbikes.eu%2Fen%2Fconfigurators%2F|title:e-bike%20set%20compilation|&#8221;][\/vc_column][\/vc_row]<\/p>\n<\/div>","protected":false},"excerpt":{"rendered":"<p>[vc_row][vc_column][vc_custom_heading text=&#8221;How do I find the right e-bike retrofit kit?&#8221; font_container=&#8221;tag:h1|text_align:center&#8221; use_theme_fonts=&#8221;yes&#8221; css=&#8221;&#8221;][vc_empty_space height=&#8221;15px&#8221; woodmart_hide_large=&#8221;0&#8243; woodmart_hide_medium=&#8221;0&#8243; woodmart_hide_small=&#8221;0&#8243;][vc_column_text css=&#8221;&#8221; woodmart_inline=&#8221;no&#8221; text_larger=&#8221;no&#8221;]In<\/p>\n","protected":false},"author":21021,"featured_media":0,"parent":0,"menu_order":0,"comment_status":"closed","ping_status":"closed","template":"","meta":{"_acf_changed":false,"iawp_total_views":7,"footnotes":""},"class_list":["post-21655","page","type-page","status-publish","hentry"],"acf":[],"yoast_head":"<!-- This site is optimized with the Yoast SEO plugin v27.4 - https:\/\/yoast.com\/product\/yoast-seo-wordpress\/ -->\n<title>FasterBikes.eu | The right e-bike retrofit kit<\/title>\n<meta name=\"description\" content=\"Here you will find important information so that the conversion kit fits your bike - including Bafang and CYC comparison. Find out now!\" \/>\n<meta name=\"robots\" content=\"index, follow, max-snippet:-1, max-image-preview:large, max-video-preview:-1\" \/>\n<link rel=\"canonical\" href=\"https:\/\/fasterbikes.eu\/en\/find-the-right-set\/\" \/>\n<meta property=\"og:locale\" content=\"en_US\" \/>\n<meta property=\"og:type\" content=\"article\" \/>\n<meta property=\"og:title\" content=\"FasterBikes.eu | The right e-bike retrofit kit\" \/>\n<meta property=\"og:description\" content=\"Here you will find important information so that the conversion kit fits your bike - including Bafang and CYC comparison. Find out now!\" \/>\n<meta property=\"og:url\" content=\"https:\/\/fasterbikes.eu\/en\/find-the-right-set\/\" \/>\n<meta property=\"og:site_name\" content=\"Fasterbikes\" \/>\n<meta property=\"article:modified_time\" content=\"2025-03-18T13:52:39+00:00\" \/>\n<meta name=\"twitter:card\" content=\"summary_large_image\" \/>\n<meta name=\"twitter:label1\" content=\"Est. reading time\" \/>\n\t<meta name=\"twitter:data1\" content=\"19 minutes\" \/>\n<script type=\"application\/ld+json\" class=\"yoast-schema-graph\">{\"@context\":\"https:\\\/\\\/schema.org\",\"@graph\":[{\"@type\":\"WebPage\",\"@id\":\"https:\\\/\\\/fasterbikes.eu\\\/en\\\/find-the-right-set\\\/\",\"url\":\"https:\\\/\\\/fasterbikes.eu\\\/en\\\/find-the-right-set\\\/\",\"name\":\"FasterBikes.eu | The right e-bike retrofit kit\",\"isPartOf\":{\"@id\":\"https:\\\/\\\/fasterbikes.eu\\\/en\\\/#website\"},\"datePublished\":\"2024-11-22T10:46:16+00:00\",\"dateModified\":\"2025-03-18T13:52:39+00:00\",\"description\":\"Here you will find important information so that the conversion kit fits your bike - including Bafang and CYC comparison. Find out now!\",\"breadcrumb\":{\"@id\":\"https:\\\/\\\/fasterbikes.eu\\\/en\\\/find-the-right-set\\\/#breadcrumb\"},\"inLanguage\":\"en-US\",\"potentialAction\":[{\"@type\":\"ReadAction\",\"target\":[\"https:\\\/\\\/fasterbikes.eu\\\/en\\\/find-the-right-set\\\/\"]}]},{\"@type\":\"BreadcrumbList\",\"@id\":\"https:\\\/\\\/fasterbikes.eu\\\/en\\\/find-the-right-set\\\/#breadcrumb\",\"itemListElement\":[{\"@type\":\"ListItem\",\"position\":1,\"name\":\"Startseite\",\"item\":\"https:\\\/\\\/fasterbikes.eu\\\/en\\\/\"},{\"@type\":\"ListItem\",\"position\":2,\"name\":\"Find the right set\"}]},{\"@type\":\"WebSite\",\"@id\":\"https:\\\/\\\/fasterbikes.eu\\\/en\\\/#website\",\"url\":\"https:\\\/\\\/fasterbikes.eu\\\/en\\\/\",\"name\":\"Fasterbikes\",\"description\":\"\",\"potentialAction\":[{\"@type\":\"SearchAction\",\"target\":{\"@type\":\"EntryPoint\",\"urlTemplate\":\"https:\\\/\\\/fasterbikes.eu\\\/en\\\/?s={search_term_string}\"},\"query-input\":{\"@type\":\"PropertyValueSpecification\",\"valueRequired\":true,\"valueName\":\"search_term_string\"}}],\"inLanguage\":\"en-US\"}]}<\/script>\n<!-- \/ Yoast SEO plugin. -->","yoast_head_json":{"title":"FasterBikes.eu | The right e-bike retrofit kit","description":"Here you will find important information so that the conversion kit fits your bike - including Bafang and CYC comparison. Find out now!","robots":{"index":"index","follow":"follow","max-snippet":"max-snippet:-1","max-image-preview":"max-image-preview:large","max-video-preview":"max-video-preview:-1"},"canonical":"https:\/\/fasterbikes.eu\/en\/find-the-right-set\/","og_locale":"en_US","og_type":"article","og_title":"FasterBikes.eu | The right e-bike retrofit kit","og_description":"Here you will find important information so that the conversion kit fits your bike - including Bafang and CYC comparison. Find out now!","og_url":"https:\/\/fasterbikes.eu\/en\/find-the-right-set\/","og_site_name":"Fasterbikes","article_modified_time":"2025-03-18T13:52:39+00:00","twitter_card":"summary_large_image","twitter_misc":{"Est. reading time":"19 minutes"},"schema":{"@context":"https:\/\/schema.org","@graph":[{"@type":"WebPage","@id":"https:\/\/fasterbikes.eu\/en\/find-the-right-set\/","url":"https:\/\/fasterbikes.eu\/en\/find-the-right-set\/","name":"FasterBikes.eu | The right e-bike retrofit kit","isPartOf":{"@id":"https:\/\/fasterbikes.eu\/en\/#website"},"datePublished":"2024-11-22T10:46:16+00:00","dateModified":"2025-03-18T13:52:39+00:00","description":"Here you will find important information so that the conversion kit fits your bike - including Bafang and CYC comparison. Find out now!","breadcrumb":{"@id":"https:\/\/fasterbikes.eu\/en\/find-the-right-set\/#breadcrumb"},"inLanguage":"en-US","potentialAction":[{"@type":"ReadAction","target":["https:\/\/fasterbikes.eu\/en\/find-the-right-set\/"]}]},{"@type":"BreadcrumbList","@id":"https:\/\/fasterbikes.eu\/en\/find-the-right-set\/#breadcrumb","itemListElement":[{"@type":"ListItem","position":1,"name":"Startseite","item":"https:\/\/fasterbikes.eu\/en\/"},{"@type":"ListItem","position":2,"name":"Find the right set"}]},{"@type":"WebSite","@id":"https:\/\/fasterbikes.eu\/en\/#website","url":"https:\/\/fasterbikes.eu\/en\/","name":"Fasterbikes","description":"","potentialAction":[{"@type":"SearchAction","target":{"@type":"EntryPoint","urlTemplate":"https:\/\/fasterbikes.eu\/en\/?s={search_term_string}"},"query-input":{"@type":"PropertyValueSpecification","valueRequired":true,"valueName":"search_term_string"}}],"inLanguage":"en-US"}]}},"_links":{"self":[{"href":"https:\/\/fasterbikes.eu\/en\/wp-json\/wp\/v2\/pages\/21655","targetHints":{"allow":["GET"]}}],"collection":[{"href":"https:\/\/fasterbikes.eu\/en\/wp-json\/wp\/v2\/pages"}],"about":[{"href":"https:\/\/fasterbikes.eu\/en\/wp-json\/wp\/v2\/types\/page"}],"author":[{"embeddable":true,"href":"https:\/\/fasterbikes.eu\/en\/wp-json\/wp\/v2\/users\/21021"}],"replies":[{"embeddable":true,"href":"https:\/\/fasterbikes.eu\/en\/wp-json\/wp\/v2\/comments?post=21655"}],"version-history":[{"count":0,"href":"https:\/\/fasterbikes.eu\/en\/wp-json\/wp\/v2\/pages\/21655\/revisions"}],"wp:attachment":[{"href":"https:\/\/fasterbikes.eu\/en\/wp-json\/wp\/v2\/media?parent=21655"}],"curies":[{"name":"wp","href":"https:\/\/api.w.org\/{rel}","templated":true}]}}