{"id":21563,"date":"2025-02-14T20:33:53","date_gmt":"2025-02-14T20:33:53","guid":{"rendered":"https:\/\/fasterbikes.eu\/rma-form\/"},"modified":"2025-03-18T13:48:42","modified_gmt":"2025-03-18T13:48:42","slug":"rma-form","status":"publish","type":"page","link":"https:\/\/fasterbikes.eu\/en\/rma-form\/","title":{"rendered":"RMA form"},"content":{"rendered":"<div class=\"wpb-content-wrapper\"><p>[vc_row][vc_column][vc_column_text css=&#8221;&#8221; woodmart_inline=&#8221;no&#8221; text_larger=&#8221;no&#8221;]<div class=\"forminator-ui forminator-custom-form forminator-custom-form-19598 forminator-design--bold  forminator_ajax draft-enabled\" data-forminator-render=\"0\" data-form=\"forminator-module-19598\" data-uid=\"6a039059bf5fc\"><br\/><\/div><form\n\t\t\t\tid=\"forminator-module-19598\"\n\t\t\t\tclass=\"forminator-ui forminator-custom-form forminator-custom-form-19598 forminator-design--bold  forminator_ajax draft-enabled\"\n\t\t\t\tmethod=\"post\"\n\t\t\t\tdata-forminator-render=\"0\"\n\t\t\t\tdata-form-id=\"19598\"\n\t\t\t\tenctype=\"multipart\/form-data\" data-color-option=\"theme\" data-design=\"bold\" data-grid=\"open\" style=\"display: none;\"\n\t\t\t\tdata-uid=\"6a039059bf5fc\"\n\t\t\t><div role=\"alert\" aria-live=\"polite\" class=\"forminator-response-message forminator-error\" aria-hidden=\"true\"><\/div><div class=\"forminator-row forminator-hidden\"><div id=\"hidden-1\" class=\"forminator-field-hidden  forminator-col-12 \"><input type=\"hidden\" id=\"hidden-1_6a039059bf5fc\" name=\"hidden-1\" value=\"submission_id\" \/><\/div><\/div><div class=\"forminator-row\"><div id=\"name-1\" class=\"forminator-field-name forminator-col forminator-col-12 \"><div class=\"forminator-field\"><label for=\"forminator-field-name-1_6a039059bf5fc\" id=\"forminator-field-name-1_6a039059bf5fc-label\" class=\"forminator-label\">Name <span class=\"forminator-required\">*<\/span><\/label><input type=\"text\" name=\"name-1\" value=\"\" placeholder=\"z. B. Max\" id=\"forminator-field-name-1_6a039059bf5fc\" class=\"forminator-input forminator-name--field\" aria-required=\"true\" autocomplete=\"name\" \/><\/div><\/div><\/div><div class=\"forminator-row\"><div id=\"email-1\" class=\"forminator-field-email forminator-col forminator-col-12 \"><div class=\"forminator-field\"><label for=\"forminator-field-email-1_6a039059bf5fc\" id=\"forminator-field-email-1_6a039059bf5fc-label\" class=\"forminator-label\">E-Mail-Adresse <span class=\"forminator-required\">*<\/span><\/label><input type=\"email\" name=\"email-1\" value=\"\" placeholder=\"z. B. max@mustermann.de\" id=\"forminator-field-email-1_6a039059bf5fc\" class=\"forminator-input forminator-email--field\" data-required=\"true\" aria-required=\"true\" autocomplete=\"email\" \/><\/div><\/div><\/div><div class=\"forminator-row\"><div id=\"phone-1\" class=\"forminator-field-phone forminator-col forminator-col-12 \"><div class=\"forminator-field\"><label for=\"forminator-field-phone-1_6a039059bf5fc\" id=\"forminator-field-phone-1_6a039059bf5fc-label\" class=\"forminator-label\">Telefonnummer<\/label><input type=\"text\" name=\"phone-1\" value=\"\" placeholder=\"z. B. +49 3004005000\" id=\"forminator-field-phone-1_6a039059bf5fc\" class=\"forminator-input forminator-field--phone\" data-required=\"\" aria-required=\"false\" autocomplete=\"off\" \/><\/div><\/div><\/div><div class=\"forminator-row\"><div id=\"date-1\" class=\"forminator-field-date forminator-col forminator-col-12 \"><div class=\"forminator-field\"><label for=\"forminator-field-date-1-picker_6a039059bf5fc\" id=\"forminator-field-date-1-picker_6a039059bf5fc-label\" class=\"forminator-label\">Gekauft am <span class=\"forminator-required\">*<\/span><\/label><div class=\"forminator-input-with-icon\"><span class=\"forminator-icon-calendar\" aria-hidden=\"true\"><\/span><input autocomplete=\"off\" type=\"text\" size=\"1\" name=\"date-1\" value=\"\" placeholder=\"Datum w\u00e4hlen\" id=\"forminator-field-date-1-picker_6a039059bf5fc\" class=\"forminator-input forminator-datepicker\" data-required=\"1\" data-format=\"dd-mm-yy\" data-restrict-type=\"\" data-restrict=\"\" data-start-year=\"1926\" data-end-year=\"2126\" data-past-dates=\"enable\" data-start-of-week=\"1\" data-start-date=\"\" data-end-date=\"\" data-start-field=\"\" data-end-field=\"\" data-start-offset=\"\" data-end-offset=\"\" data-disable-date=\"\" data-disable-range=\"\" \/><\/div><\/div><\/div><\/div><div class=\"forminator-row\"><div id=\"textarea-1\" class=\"forminator-field-textarea forminator-col forminator-col-12 \"><div class=\"forminator-field\"><label for=\"forminator-field-textarea-1_6a039059bf5fc\" id=\"forminator-field-textarea-1_6a039059bf5fc-label\" class=\"forminator-label\">Problembeschreibung <span class=\"forminator-required\">*<\/span><\/label><textarea name=\"textarea-1\" placeholder=\"Beschreibe das Problem so genau wie m\u00f6glich\" id=\"forminator-field-textarea-1_6a039059bf5fc\" class=\"forminator-textarea\" rows=\"6\" style=\"min-height:200px;\" maxlength=\"900\" ><\/textarea><span id=\"forminator-field-textarea-1_6a039059bf5fc-description\" class=\"forminator-description\"><span data-limit=\"900\" data-type=\"characters\" data-editor=\"\">0 \/ 900<\/span><\/span><\/div><\/div><\/div><div class=\"forminator-row\"><div id=\"upload-1\" class=\"forminator-field-upload forminator-col forminator-col-12 \"><div class=\"forminator-field\"><label for=\"forminator-field-upload-1_6a039059bf5fc\" id=\"forminator-field-upload-1_6a039059bf5fc-label\" class=\"forminator-label\">Datei hochladen<\/label><div class=\"forminator-multi-upload \" data-element=\"upload-1_6a039059bf5fc\" aria-describedby=\"forminator-field-upload-1_6a039059bf5fc-description\"><input type=\"file\" name=\"upload-1[]\" id=\"forminator-field-upload-1_6a039059bf5fc\" class=\"forminator-input-file forminator-field-upload-1_6a039059bf5fc-19598\" multiple=\"multiple\" data-method=\"ajax\" accept=\".avif,.heif,.heics,.heifs,.svgz,.ttf,.eot,.woff,.woff2,.jpg,.jpeg,.jpe,.png,.bmp,.heic,.webp,.mp3,.m4a,.m4b,.wav,.wmv,.mpeg,.mpg,.mpe,.mp4,.m4v,.pdf,.7z\" data-limit=\"4\" data-limit-message=\"You can upload a maximum of 4 files.\" data-size=\"50000000\" data-size-message=\"Maximum file size allowed is 50 MB. \" data-filetype=\"avif|heif|heics|heifs|svgz|ttf|eot|woff|woff2|jpg|jpeg|jpe|png|bmp|heic|webp|mp3|m4a|m4b|wav|wmv|mpeg|mpg|mpe|mp4|m4v|pdf|7z\" data-filetype-message=\"file extension is not allowed.\"><div class=\"forminator-multi-upload-message\" aria-hidden=\"true\"><span class=\"forminator-icon-upload\" aria-hidden=\"true\"><\/span><p>Drag and Drop (or) <a class=\"forminator-upload-file--forminator-field-upload-1_6a039059bf5fc\" href=\"#\" onclick=\"return false;\">Choose Files<\/a><\/p><\/div><\/div><span id=\"forminator-field-upload-1_6a039059bf5fc-description\" class=\"forminator-description\">Ein kurzes Video, Audio oder Foto des Problems, kann uns erheblich bei der Feststellung des Fehlers unterst\u00fctzen und hilft uns, schnell eine L\u00f6sung zu finden. Zudem ben\u00f6tigen wir das Dokument m\u00f6glicherweise f\u00fcr R\u00fcckfragen beim Hersteller.<\/span><ul class=\"forminator-uploaded-files upload-container-upload-1_6a039059bf5fc\"><\/ul><\/div><\/div><\/div><div class=\"forminator-row\"><div id=\"consent-1\" class=\"forminator-field-consent forminator-col forminator-col-12 \"><div class=\"forminator-field\"><div class=\"forminator-checkbox__wrapper\"><label id=\"forminator-field-consent-1_6a039059bf5fc__label\" class=\"forminator-checkbox forminator-consent\"><input type=\"checkbox\" name=\"consent-1\" id=\"forminator-field-consent-1_6a039059bf5fc\" value=\"checked\" aria-labelledby=\"forminator-field-consent-1_6a039059bf5fc-label\" aria-describedby=\"forminator-field-consent-1_6a039059bf5fc__description\" data-required=\"true\" aria-required=\"true\" \/><span class=\"forminator-checkbox-box\" aria-hidden=\"true\"><\/span><\/label><div id=\"forminator-field-consent-1_6a039059bf5fc__description\" class=\"forminator-checkbox__label forminator-consent__label\"><p>Ich akzeptiere die <a rel=\"noopener\" target=\"_blank\" href=\"https:\/\/fasterbikes.eu\/agb\/\">AGBs<\/a> und <a rel=\"noopener\" target=\"_blank\" href=\"https:\/\/fasterbikes.eu\/datenschutz\/\">Datenschutzbestimmungen<\/a>.<\/p><\/div><\/div><\/div><\/div><\/div><div class=\"forminator-row\"><div id=\"captcha-1\" class=\"forminator-field-captcha forminator-col forminator-col-12 \">\t\t<input\n\t\t\t\ttype=\"hidden\"\n\t\t\t\tclass=\"hcaptcha-widget-id\"\n\t\t\t\tname=\"hcaptcha-widget-id\"\n\t\t\t\tvalue=\"eyJzb3VyY2UiOlsiZm9ybWluYXRvclwvZm9ybWluYXRvci5waHAiXSwiZm9ybV9pZCI6MTk1OTh9-6127835b938f0a6d0703c9e79795f415\">\n\t\t\t\t<h-captcha\n\t\t\tclass=\"h-captcha\"\n\t\t\tdata-sitekey=\"4c468a32-a14c-4b78-bb2c-1d2a69de211c\"\n\t\t\tdata-theme=\"light\"\n\t\t\tdata-size=\"normal\"\n\t\t\tdata-auto=\"false\"\n\t\t\tdata-ajax=\"false\"\n\t\t\tdata-force=\"false\">\n\t\t<\/h-captcha>\n\t\t<input type=\"hidden\" id=\"hcaptcha_forminator_nonce\" name=\"hcaptcha_forminator_nonce\" value=\"c040385dd5\" \/><input type=\"hidden\" name=\"_wp_http_referer\" value=\"\/en\/wp-json\/wp\/v2\/pages\/21563\" \/><\/div><\/div><input type=\"hidden\" name=\"referer_url\" value=\"\" \/><div class=\"forminator-row forminator-row-last\"><div class=\"forminator-col\"><div class=\"forminator-field\"><button class=\"forminator-button forminator-button-submit\">Nachricht senden<\/button><a href=\"#\" class=\"forminator-save-draft-link disabled\" title=\"Fill in form fields before saving it as a draft\" formnovalidate>Save as Draft<\/a><\/div><\/div><\/div><input type=\"hidden\" id=\"forminator_nonce\" name=\"forminator_nonce\" value=\"a8940b770c\" \/><input type=\"hidden\" name=\"_wp_http_referer\" value=\"\/en\/wp-json\/wp\/v2\/pages\/21563\" \/><input type=\"hidden\" name=\"form_id\" value=\"19598\"><input type=\"hidden\" name=\"page_id\" value=\"21563\"><input type=\"hidden\" name=\"form_type\" value=\"default\"><input type=\"hidden\" name=\"current_url\" value=\"https:\/\/fasterbikes.eu\/en\/rma-form\/\"><input type=\"hidden\" name=\"render_id\" value=\"0\"><input type=\"hidden\" name=\"forminator-multifile-hidden\" class=\"forminator-multifile-hidden\"><input type=\"hidden\" name=\"action\" value=\"forminator_submit_form_custom-forms\"><input type=\"hidden\" name=\"save_draft\" value=\"false\"><label for=\"input_9\" class=\"forminator-hidden\" aria-hidden=\"true\">Please do not fill in this field. <input id=\"input_9\" type=\"text\" name=\"input_9\" value=\"\" autocomplete=\"off\"><\/label><\/form>[\/vc_column_text][\/vc_column][\/vc_row]<\/p>\n<\/div>","protected":false},"excerpt":{"rendered":"<p>[vc_row][vc_column][vc_column_text css=&#8221;&#8221; woodmart_inline=&#8221;no&#8221; text_larger=&#8221;no&#8221;][\/vc_column_text][\/vc_column][\/vc_row]<\/p>\n","protected":false},"author":21021,"featured_media":0,"parent":0,"menu_order":0,"comment_status":"closed","ping_status":"closed","template":"","meta":{"_acf_changed":false,"iawp_total_views":7,"footnotes":""},"class_list":["post-21563","page","type-page","status-publish","hentry"],"acf":[],"yoast_head":"<!-- This site is optimized with the Yoast SEO plugin v27.4 - https:\/\/yoast.com\/product\/yoast-seo-wordpress\/ -->\n<title>RMA form - Fasterbikes<\/title>\n<meta name=\"robots\" content=\"index, follow, max-snippet:-1, max-image-preview:large, max-video-preview:-1\" \/>\n<link rel=\"canonical\" href=\"https:\/\/fasterbikes.eu\/en\/rma-form\/\" \/>\n<meta property=\"og:locale\" content=\"en_US\" \/>\n<meta property=\"og:type\" content=\"article\" \/>\n<meta property=\"og:title\" content=\"RMA form - Fasterbikes\" \/>\n<meta property=\"og:description\" content=\"[vc_row][vc_column][vc_column_text css=&#8221;&#8221; woodmart_inline=&#8221;no&#8221; text_larger=&#8221;no&#8221;][\/vc_column_text][\/vc_column][\/vc_row]\" \/>\n<meta property=\"og:url\" content=\"https:\/\/fasterbikes.eu\/en\/rma-form\/\" \/>\n<meta property=\"og:site_name\" content=\"Fasterbikes\" \/>\n<meta property=\"article:modified_time\" content=\"2025-03-18T13:48:42+00:00\" \/>\n<meta name=\"twitter:card\" content=\"summary_large_image\" \/>\n<script type=\"application\/ld+json\" class=\"yoast-schema-graph\">{\"@context\":\"https:\\\/\\\/schema.org\",\"@graph\":[{\"@type\":\"WebPage\",\"@id\":\"https:\\\/\\\/fasterbikes.eu\\\/en\\\/rma-form\\\/\",\"url\":\"https:\\\/\\\/fasterbikes.eu\\\/en\\\/rma-form\\\/\",\"name\":\"RMA form - Fasterbikes\",\"isPartOf\":{\"@id\":\"https:\\\/\\\/fasterbikes.eu\\\/en\\\/#website\"},\"datePublished\":\"2025-02-14T20:33:53+00:00\",\"dateModified\":\"2025-03-18T13:48:42+00:00\",\"breadcrumb\":{\"@id\":\"https:\\\/\\\/fasterbikes.eu\\\/en\\\/rma-form\\\/#breadcrumb\"},\"inLanguage\":\"en-US\",\"potentialAction\":[{\"@type\":\"ReadAction\",\"target\":[\"https:\\\/\\\/fasterbikes.eu\\\/en\\\/rma-form\\\/\"]}]},{\"@type\":\"BreadcrumbList\",\"@id\":\"https:\\\/\\\/fasterbikes.eu\\\/en\\\/rma-form\\\/#breadcrumb\",\"itemListElement\":[{\"@type\":\"ListItem\",\"position\":1,\"name\":\"Startseite\",\"item\":\"https:\\\/\\\/fasterbikes.eu\\\/en\\\/\"},{\"@type\":\"ListItem\",\"position\":2,\"name\":\"RMA form\"}]},{\"@type\":\"WebSite\",\"@id\":\"https:\\\/\\\/fasterbikes.eu\\\/en\\\/#website\",\"url\":\"https:\\\/\\\/fasterbikes.eu\\\/en\\\/\",\"name\":\"Fasterbikes\",\"description\":\"\",\"potentialAction\":[{\"@type\":\"SearchAction\",\"target\":{\"@type\":\"EntryPoint\",\"urlTemplate\":\"https:\\\/\\\/fasterbikes.eu\\\/en\\\/?s={search_term_string}\"},\"query-input\":{\"@type\":\"PropertyValueSpecification\",\"valueRequired\":true,\"valueName\":\"search_term_string\"}}],\"inLanguage\":\"en-US\"}]}<\/script>\n<!-- \/ Yoast SEO plugin. -->","yoast_head_json":{"title":"RMA form - Fasterbikes","robots":{"index":"index","follow":"follow","max-snippet":"max-snippet:-1","max-image-preview":"max-image-preview:large","max-video-preview":"max-video-preview:-1"},"canonical":"https:\/\/fasterbikes.eu\/en\/rma-form\/","og_locale":"en_US","og_type":"article","og_title":"RMA form - Fasterbikes","og_description":"[vc_row][vc_column][vc_column_text css=&#8221;&#8221; woodmart_inline=&#8221;no&#8221; text_larger=&#8221;no&#8221;][\/vc_column_text][\/vc_column][\/vc_row]","og_url":"https:\/\/fasterbikes.eu\/en\/rma-form\/","og_site_name":"Fasterbikes","article_modified_time":"2025-03-18T13:48:42+00:00","twitter_card":"summary_large_image","schema":{"@context":"https:\/\/schema.org","@graph":[{"@type":"WebPage","@id":"https:\/\/fasterbikes.eu\/en\/rma-form\/","url":"https:\/\/fasterbikes.eu\/en\/rma-form\/","name":"RMA form - Fasterbikes","isPartOf":{"@id":"https:\/\/fasterbikes.eu\/en\/#website"},"datePublished":"2025-02-14T20:33:53+00:00","dateModified":"2025-03-18T13:48:42+00:00","breadcrumb":{"@id":"https:\/\/fasterbikes.eu\/en\/rma-form\/#breadcrumb"},"inLanguage":"en-US","potentialAction":[{"@type":"ReadAction","target":["https:\/\/fasterbikes.eu\/en\/rma-form\/"]}]},{"@type":"BreadcrumbList","@id":"https:\/\/fasterbikes.eu\/en\/rma-form\/#breadcrumb","itemListElement":[{"@type":"ListItem","position":1,"name":"Startseite","item":"https:\/\/fasterbikes.eu\/en\/"},{"@type":"ListItem","position":2,"name":"RMA form"}]},{"@type":"WebSite","@id":"https:\/\/fasterbikes.eu\/en\/#website","url":"https:\/\/fasterbikes.eu\/en\/","name":"Fasterbikes","description":"","potentialAction":[{"@type":"SearchAction","target":{"@type":"EntryPoint","urlTemplate":"https:\/\/fasterbikes.eu\/en\/?s={search_term_string}"},"query-input":{"@type":"PropertyValueSpecification","valueRequired":true,"valueName":"search_term_string"}}],"inLanguage":"en-US"}]}},"_links":{"self":[{"href":"https:\/\/fasterbikes.eu\/en\/wp-json\/wp\/v2\/pages\/21563","targetHints":{"allow":["GET"]}}],"collection":[{"href":"https:\/\/fasterbikes.eu\/en\/wp-json\/wp\/v2\/pages"}],"about":[{"href":"https:\/\/fasterbikes.eu\/en\/wp-json\/wp\/v2\/types\/page"}],"author":[{"embeddable":true,"href":"https:\/\/fasterbikes.eu\/en\/wp-json\/wp\/v2\/users\/21021"}],"replies":[{"embeddable":true,"href":"https:\/\/fasterbikes.eu\/en\/wp-json\/wp\/v2\/comments?post=21563"}],"version-history":[{"count":0,"href":"https:\/\/fasterbikes.eu\/en\/wp-json\/wp\/v2\/pages\/21563\/revisions"}],"wp:attachment":[{"href":"https:\/\/fasterbikes.eu\/en\/wp-json\/wp\/v2\/media?parent=21563"}],"curies":[{"name":"wp","href":"https:\/\/api.w.org\/{rel}","templated":true}]}}